{"id":1682,"date":"2022-07-21T11:57:03","date_gmt":"2022-07-21T09:57:03","guid":{"rendered":"http:\/\/quinta.cytracon2.info\/?page_id=1682"},"modified":"2025-10-21T09:51:38","modified_gmt":"2025-10-21T07:51:38","slug":"agb","status":"publish","type":"page","link":"https:\/\/www.quintatorrinha.com\/pt\/agb\/","title":{"rendered":"Condi\u00e7\u00f5es"},"content":{"rendered":"<div class=\"fusion-fullwidth fullwidth-box fusion-builder-row-1 fusion-flex-container has-pattern-background has-mask-background nonhundred-percent-fullwidth non-hundred-percent-height-scrolling\" style=\"--awb-border-radius-top-left:0px;--awb-border-radius-top-right:0px;--awb-border-radius-bottom-right:0px;--awb-border-radius-bottom-left:0px;--awb-flex-wrap:wrap;\" ><div class=\"fusion-builder-row fusion-row fusion-flex-align-items-flex-start fusion-flex-content-wrap\" style=\"max-width:1297.92px;margin-left: calc(-4% \/ 2 );margin-right: calc(-4% \/ 2 );\"><div class=\"fusion-layout-column fusion_builder_column fusion-builder-column-0 fusion_builder_column_1_1 1_1 fusion-flex-column\" style=\"--awb-bg-size:cover;--awb-width-large:100%;--awb-margin-top-large:20px;--awb-spacing-right-large:1.92%;--awb-margin-bottom-large:20px;--awb-spacing-left-large:1.92%;--awb-width-medium:100%;--awb-order-medium:0;--awb-spacing-right-medium:1.92%;--awb-spacing-left-medium:1.92%;--awb-width-small:100%;--awb-order-small:0;--awb-spacing-right-small:1.92%;--awb-spacing-left-small:1.92%;\"><div class=\"fusion-column-wrapper fusion-column-has-shadow fusion-flex-justify-content-flex-start fusion-content-layout-column\"><div class=\"fusion-text fusion-text-1\"><h3>Termos e Condi\u00e7\u00f5es Gerais (TCG)<\/h3>\n<p><strong>1. Reserva e confirma\u00e7\u00e3o<\/strong><br \/>\n1.1 Uma reserva \u00e9 considerada confirmada assim que for recebida uma confirma\u00e7\u00e3o por escrito<br \/>\npelo hotel\/pousada.<br \/>\n1.2 No momento da reserva, todas as informa\u00e7\u00f5es pessoais necess\u00e1rias dever\u00e3o ser fornecidas<br \/>\nser declarado completo e corretamente.<\/p>\n<p><strong>2. Check-in e check-out<\/strong>t<br \/>\n2.1 O check-in \u00e9 poss\u00edvel das 14:00 \u00e0s 23:00. Infelizmente, chegadas tardias n\u00e3o poder\u00e3o ser acomodadas.<br \/>\n2.2 O check-out dever\u00e1 ser realizado at\u00e9 \u00e0s 11h00. Os check-outs ser\u00e3o depois das 11h00<br \/>\ncobrado com meio dia de aluguel.<br \/>\n2.3 O check-out tardio s\u00f3 \u00e9 poss\u00edvel mediante acordo\/disponibilidade e por um custo adicional<br \/>\nposs\u00edvel.<\/p>\n<p><strong>3. Pagamento<\/strong><br \/>\n3.1 No momento da reserva dever\u00e1 ser pago 50% do valor total da reserva. O<br \/>\nO pagamento final dever\u00e1 ser feito 14 dias antes da chegada.<br \/>\n3.2 Os m\u00e9todos de pagamento aceitos s\u00e3o cart\u00e3o de cr\u00e9dito e d\u00e9bito, bem como dinheiro<br \/>\ne transfer\u00eancia.<br \/>\n3.3 Ao reservar atrav\u00e9s de uma plataforma de reservas externa, estas aplicam-se<br \/>\nCondi\u00e7\u00f5es de pagamento da respetiva plataforma.<\/p>\n<p><strong>4. Pre\u00e7os e Impostos<\/strong><br \/>\n4.1 Os pre\u00e7os indicados no nosso site n\u00e3o s\u00e3o vinculativos e s\u00e3o apenas para fins informativos.<br \/>\nOrienta\u00e7\u00e3o. Podem estar sujeitos a flutua\u00e7\u00f5es e mudan\u00e7as sazonais.<br \/>\nA tarifa vinculativa do quarto ser\u00e1 comunicada a voc\u00ea como parte de uma oferta individual.<br \/>\n4.2 Todos os pre\u00e7os indicados incluem caf\u00e9 da manh\u00e3 e refrigerantes.<br \/>\n4.3 Os pre\u00e7os incluem IVA e outros impostos locais, se aplic\u00e1veis.<br \/>\nA taxa de turismo n\u00e3o est\u00e1 inclu\u00edda nos pre\u00e7os.<\/p>\n<p><strong>5. Pol\u00edtica de cancelamento<\/strong><br \/>\n5.1 Se cancelado at\u00e9 14 dias antes da chegada, ser\u00e1 cobrado 50% do custo total<br \/>\ncalculado.<br \/>\n5.2 Se cancelado at\u00e9 14 dias antes da chegada e em caso de n\u00e3o comparecimento (no-show)<br \/>\nShow), \u00e9 devido o valor total da reserva (100%).<br \/>\n5.3 Regulamentos especiais podem ser aplicados a reservas de grupos e ofertas especiais.<\/p>\n<p><strong>6. Responsabilidade<\/strong><br \/>\n6.1 O hotel\/pousada s\u00f3 se responsabiliza por danos causados de forma intencional ou grosseira<br \/>\ncausados por comportamento negligente dos funcion\u00e1rios.<br \/>\n6.2 O hotel\/pousada n\u00e3o se responsabiliza por quaisquer itens pessoais pertencentes aos h\u00f3spedes<br \/>\nResponsabilidade, a menos que tenham sido entregues para guarda.<br \/>\n6.3 Os h\u00f3spedes s\u00e3o respons\u00e1veis por quaisquer danos que incorram durante a sua estadia<br \/>\nCausa hotel\/pousada. Isto inclui danos causados por neglig\u00eancia, como<br \/>\nderramar vinho ou danificar m\u00f3veis<br \/>\nmobili\u00e1rio. O custo de reparo ou substitui\u00e7\u00e3o do<br \/>\nItens danificados ser\u00e3o cobrados do h\u00f3spede.<\/p>\n<p><strong>7. Regras da Casa<\/strong><br \/>\n7.1 A. aplica-se nos quartos e \u00e1reas p\u00fablicas do hotel\/pousada<br \/>\nProibi\u00e7\u00e3o de fumar.<br \/>\n7.2 Crian\u00e7as com 15 anos ou mais s\u00e3o bem-vindas na Quinta Torrinha.<br \/>\n7.3 Animais de estima\u00e7\u00e3o s\u00f3 s\u00e3o permitidos mediante acordo pr\u00e9vio e mediante pagamento de uma taxa.<br \/>\n7.4 Os h\u00f3spedes s\u00e3o obrigados a ser atenciosos com os outros h\u00f3spedes<br \/>\ncomporte-se e observe o descanso noturno das 22h \u00e0s 7h.<br \/>\n7.5 A piscina pode ser utilizada das 8h00 \u00e0s 19h00.<br \/>\n7.6 Os h\u00f3spedes s\u00f3 poder\u00e3o permanecer nas \u00e1reas acess\u00edveis aos h\u00f3spedes.<br \/>\nAs \u00e1reas privadas designadas n\u00e3o podem ser acessadas.<\/p>\n<p><strong>8. Prote\u00e7\u00e3o de dados<\/strong><br \/>\n8.1 Todos os dados pessoais dos h\u00f3spedes ser\u00e3o tratados de forma confidencial e apenas para<br \/>\nusado para fins internos.<br \/>\n8.2 Os dados s\u00f3 ser\u00e3o repassados a terceiros se isso for necess\u00e1rio para cumprir o contrato<br \/>\n\u00e9 necess\u00e1rio ou os regulamentos legais exigem isso.<\/p>\n<p><strong>9. Altera\u00e7\u00f5es aos Termos e Condi\u00e7\u00f5es<\/strong><br \/>\n9.1 O hotel\/pousada reserva-se o direito de alterar estes termos e condi\u00e7\u00f5es a qualquer momento.<br \/>\n9.2 Os h\u00f3spedes ser\u00e3o informados em tempo \u00fatil sobre altera\u00e7\u00f5es aos termos e condi\u00e7\u00f5es.<\/p>\n<p><strong>10. Escopo<\/strong><br \/>\n10.1 Estes termos e condi\u00e7\u00f5es gerais dizem respeito:<\/p>\n<p>Funchal 2024<\/p>\n<p>Quinta Torrenha<br \/>\nMatthias Hunziker LDA<br \/>\nRua da Torrinha, 54-58<br \/>\n9050 Funchal<br \/>\nPortugal<\/p>\n<\/div><\/div><\/div><\/div><\/div>","protected":false},"excerpt":{"rendered":"","protected":false},"author":1,"featured_media":0,"parent":0,"menu_order":0,"comment_status":"closed","ping_status":"closed","template":"","meta":{"footnotes":""},"class_list":["post-1682","page","type-page","status-publish","hentry"],"_links":{"self":[{"href":"https:\/\/www.quintatorrinha.com\/pt\/wp-json\/wp\/v2\/pages\/1682","targetHints":{"allow":["GET"]}}],"collection":[{"href":"https:\/\/www.quintatorrinha.com\/pt\/wp-json\/wp\/v2\/pages"}],"about":[{"href":"https:\/\/www.quintatorrinha.com\/pt\/wp-json\/wp\/v2\/types\/page"}],"author":[{"embeddable":true,"href":"https:\/\/www.quintatorrinha.com\/pt\/wp-json\/wp\/v2\/users\/1"}],"replies":[{"embeddable":true,"href":"https:\/\/www.quintatorrinha.com\/pt\/wp-json\/wp\/v2\/comments?post=1682"}],"version-history":[{"count":4,"href":"https:\/\/www.quintatorrinha.com\/pt\/wp-json\/wp\/v2\/pages\/1682\/revisions"}],"predecessor-version":[{"id":11221,"href":"https:\/\/www.quintatorrinha.com\/pt\/wp-json\/wp\/v2\/pages\/1682\/revisions\/11221"}],"wp:attachment":[{"href":"https:\/\/www.quintatorrinha.com\/pt\/wp-json\/wp\/v2\/media?parent=1682"}],"curies":[{"name":"wp","href":"https:\/\/api.w.org\/{rel}","templated":true}]}}