{"id":1536,"date":"2022-07-20T11:35:55","date_gmt":"2022-07-20T09:35:55","guid":{"rendered":"http:\/\/quinta.cytracon2.info\/?page_id=1536"},"modified":"2022-09-29T16:40:47","modified_gmt":"2022-09-29T14:40:47","slug":"madeira","status":"publish","type":"page","link":"https:\/\/www.quintatorrinha.com\/pt\/madeira\/","title":{"rendered":"Madeira"},"content":{"rendered":"<p><div class=\"fusion-fullwidth fullwidth-box fusion-builder-row-1 fusion-flex-container nonhundred-percent-fullwidth non-hundred-percent-height-scrolling\" style=\"--awb-border-radius-top-left:0px;--awb-border-radius-top-right:0px;--awb-border-radius-bottom-right:0px;--awb-border-radius-bottom-left:0px;--awb-margin-bottom:50px;--awb-flex-wrap:wrap;\" ><div class=\"fusion-builder-row fusion-row fusion-flex-align-items-flex-start fusion-flex-content-wrap\" style=\"max-width:1297.92px;margin-left: calc(-4% \/ 2 );margin-right: calc(-4% \/ 2 );\"><div class=\"fusion-layout-column fusion_builder_column fusion-builder-column-0 fusion_builder_column_1_1 1_1 fusion-flex-column\" style=\"--awb-padding-right:150px;--awb-padding-left:150px;--awb-padding-right-medium:20px;--awb-padding-left-medium:20px;--awb-padding-right-small:20px;--awb-padding-left-small:20px;--awb-bg-size:cover;--awb-width-large:100%;--awb-margin-top-large:20px;--awb-spacing-right-large:1.92%;--awb-margin-bottom-large:20px;--awb-spacing-left-large:1.92%;--awb-width-medium:100%;--awb-order-medium:0;--awb-spacing-right-medium:1.92%;--awb-spacing-left-medium:1.92%;--awb-width-small:100%;--awb-order-small:0;--awb-spacing-right-small:1.92%;--awb-spacing-left-small:1.92%;\"><div class=\"fusion-column-wrapper fusion-column-has-shadow fusion-flex-justify-content-flex-start fusion-content-layout-column\"><div class=\"fusion-title title fusion-title-1 fusion-sep-none fusion-title-center fusion-title-text fusion-title-size-four\"><h4 class=\"fusion-title-heading title-heading-center fusion-responsive-typography-calculated\" style=\"margin:0;--fontSize:26;line-height:1.5;\">Banhada pelo Oceano Atl\u00e2ntico, a ilha portuguesa da Madeira repousa como uma joia de jade no meio de um mar azul profundo. Com seus altos picos, costas rochosas escarpadas e praias pedregosas, selva, cachoeiras trovejantes e flores durante todo o ano, a diversidade \u00e9 considerada beleza natural. O inverno \u00e9 quase ver\u00e3o aqui e o ver\u00e3o nunca \u00e9 muito quente. \u2013 A Madeira \u00e9 um mundo fascinante por si s\u00f3!<\/h4><\/div><\/div><\/div><\/div><\/div><div id=\"funchal\" class=\"fusion-container-anchor\"><div class=\"fusion-fullwidth fullwidth-box fusion-builder-row-2 fusion-flex-container has-pattern-background has-mask-background nonhundred-percent-fullwidth non-hundred-percent-height-scrolling\" style=\"--awb-border-radius-top-left:0px;--awb-border-radius-top-right:0px;--awb-border-radius-bottom-right:0px;--awb-border-radius-bottom-left:0px;--awb-flex-wrap:wrap;\" ><div class=\"fusion-builder-row fusion-row fusion-flex-align-items-stretch fusion-flex-content-wrap\" style=\"max-width:calc( 1248px + 20px );margin-left: calc(-20px \/ 2 );margin-right: calc(-20px \/ 2 );\"><div class=\"fusion-layout-column fusion_builder_column fusion-builder-column-1 fusion_builder_column_1_2 1_2 fusion-flex-column\" style=\"--awb-bg-size:cover;--awb-width-large:50%;--awb-margin-top-large:20px;--awb-spacing-right-large:100px;--awb-margin-bottom-large:20px;--awb-spacing-left-large:100px;--awb-width-medium:100%;--awb-order-medium:1;--awb-spacing-right-medium:10px;--awb-spacing-left-medium:10px;--awb-width-small:100%;--awb-order-small:1;--awb-spacing-right-small:10px;--awb-spacing-left-small:10px;\"><div class=\"fusion-column-wrapper fusion-column-has-shadow fusion-flex-justify-content-center fusion-content-layout-column\"><div class=\"fusion-title title fusion-title-2 fusion-sep-none fusion-title-center fusion-title-text fusion-title-size-three\"><h3 class=\"fusion-title-heading title-heading-center fusion-responsive-typography-calculated\" style=\"margin:0;--fontSize:24;line-height:var(--awb-typography2-line-height);\">Funchal e arredores<\/h3><\/div><div class=\"fusion-text fusion-text-1 fusion-text-no-margin\" style=\"--awb-margin-top:50px;--awb-margin-bottom:50px;\"><p style=\"text-align: center;\">Alguns tamb\u00e9m se referem \u00e0 capital Funchal como mini-Lisboa. Ela \u00e9 animada, bonita e colorida. No mercado art d\u00e9co Mercado dos Lavradores \u00e9 oferecida a rica colheita da ilha. Voc\u00ea pode passear pelas cal\u00e7adas largas em pequenas lojas<br \/>\nfazer compras e parar em belos caf\u00e9s. Ou voc\u00ea pode pegar o telef\u00e9rico at\u00e9 o Monte e apreciar o panorama espetacular da cidade e das ba\u00edas. <a href=\"https:\/\/www.visitmadeira.com\/de-de\/homepage?AreaID=19\" target=\"_blank\" rel=\"noopener\">Mais\u2026<\/a><\/p>\n<\/div><\/div><\/div><div class=\"fusion-layout-column fusion_builder_column fusion-builder-column-2 fusion_builder_column_1_2 1_2 fusion-flex-column\" style=\"--awb-bg-position:center center;--awb-bg-size:cover;--awb-width-large:50%;--awb-margin-top-large:20px;--awb-spacing-right-large:10px;--awb-margin-bottom-large:20px;--awb-spacing-left-large:10px;--awb-width-medium:100%;--awb-order-medium:0;--awb-spacing-right-medium:10px;--awb-spacing-left-medium:10px;--awb-width-small:100%;--awb-order-small:0;--awb-spacing-right-small:10px;--awb-spacing-left-small:10px;\"><div class=\"fusion-column-wrapper fusion-column-has-shadow fusion-flex-justify-content-flex-start fusion-content-layout-column\"><div class=\"fusion-image-element\" style=\"--awb-margin-top:0px;--awb-margin-right:0px;--awb-margin-bottom:0px;--awb-margin-left:0px;--awb-caption-title-font-family:var(--h2_typography-font-family);--awb-caption-title-font-weight:var(--h2_typography-font-weight);--awb-caption-title-font-style:var(--h2_typography-font-style);--awb-caption-title-size:var(--h2_typography-font-size);--awb-caption-title-transform:var(--h2_typography-text-transform);--awb-caption-title-line-height:var(--h2_typography-line-height);--awb-caption-title-letter-spacing:var(--h2_typography-letter-spacing);\"><span class=\"fusion-imageframe imageframe-none imageframe-1 hover-type-none\"><img decoding=\"async\" width=\"819\" height=\"1024\" title=\"funchal\" src=\"https:\/\/www.quintatorrinha.com\/wp-content\/uploads\/2022\/08\/funchal-scaled-e1663235847249.jpg\" data-orig-src=\"https:\/\/www.quintatorrinha.com\/wp-content\/uploads\/2022\/08\/funchal-scaled-e1663235847249-819x1024.jpg\" alt class=\"lazyload img-responsive wp-image-2396\" srcset=\"data:image\/svg+xml,%3Csvg%20xmlns%3D%27http%3A%2F%2Fwww.w3.org%2F2000%2Fsvg%27%20width%3D%271913%27%20height%3D%272393%27%20viewBox%3D%270%200%201913%202393%27%3E%3Crect%20width%3D%271913%27%20height%3D%272393%27%20fill-opacity%3D%220%22%2F%3E%3C%2Fsvg%3E\" data-srcset=\"https:\/\/www.quintatorrinha.com\/wp-content\/uploads\/2022\/08\/funchal-scaled-e1663235847249-200x250.jpg 200w, https:\/\/www.quintatorrinha.com\/wp-content\/uploads\/2022\/08\/funchal-scaled-e1663235847249-400x500.jpg 400w, https:\/\/www.quintatorrinha.com\/wp-content\/uploads\/2022\/08\/funchal-scaled-e1663235847249-600x751.jpg 600w, https:\/\/www.quintatorrinha.com\/wp-content\/uploads\/2022\/08\/funchal-scaled-e1663235847249-800x1001.jpg 800w, https:\/\/www.quintatorrinha.com\/wp-content\/uploads\/2022\/08\/funchal-scaled-e1663235847249-1200x1501.jpg 1200w, https:\/\/www.quintatorrinha.com\/wp-content\/uploads\/2022\/08\/funchal-scaled-e1663235847249.jpg 1913w\" data-sizes=\"auto\" data-orig-sizes=\"(max-width: 1024px) 100vw, (max-width: 640px) 100vw, 800px\" \/><\/span><\/div><\/div><\/div><\/div><\/div><\/div><div id=\"aktiv\" class=\"fusion-container-anchor\"><div class=\"fusion-fullwidth fullwidth-box fusion-builder-row-3 fusion-flex-container has-pattern-background has-mask-background nonhundred-percent-fullwidth non-hundred-percent-height-scrolling\" style=\"--awb-border-radius-top-left:0px;--awb-border-radius-top-right:0px;--awb-border-radius-bottom-right:0px;--awb-border-radius-bottom-left:0px;--awb-flex-wrap:wrap;\" ><div class=\"fusion-builder-row fusion-row fusion-flex-align-items-stretch fusion-flex-content-wrap\" style=\"max-width:calc( 1248px + 20px );margin-left: calc(-20px \/ 2 );margin-right: calc(-20px \/ 2 );\"><div class=\"fusion-layout-column fusion_builder_column fusion-builder-column-3 fusion_builder_column_1_2 1_2 fusion-flex-column\" style=\"--awb-bg-position:center center;--awb-bg-size:cover;--awb-width-large:50%;--awb-margin-top-large:20px;--awb-spacing-right-large:10px;--awb-margin-bottom-large:20px;--awb-spacing-left-large:10px;--awb-width-medium:100%;--awb-order-medium:0;--awb-spacing-right-medium:10px;--awb-spacing-left-medium:10px;--awb-width-small:100%;--awb-order-small:0;--awb-spacing-right-small:10px;--awb-spacing-left-small:10px;\"><div class=\"fusion-column-wrapper fusion-column-has-shadow fusion-flex-justify-content-flex-start fusion-content-layout-column\"><div class=\"fusion-image-element\" style=\"--awb-margin-top:0px;--awb-margin-right:0px;--awb-margin-bottom:0px;--awb-margin-left:0px;--awb-caption-title-font-family:var(--h2_typography-font-family);--awb-caption-title-font-weight:var(--h2_typography-font-weight);--awb-caption-title-font-style:var(--h2_typography-font-style);--awb-caption-title-size:var(--h2_typography-font-size);--awb-caption-title-transform:var(--h2_typography-text-transform);--awb-caption-title-line-height:var(--h2_typography-line-height);--awb-caption-title-letter-spacing:var(--h2_typography-letter-spacing);\"><span class=\"fusion-imageframe imageframe-none imageframe-2 hover-type-none\"><img decoding=\"async\" width=\"818\" height=\"1024\" title=\"Atividades\" src=\"https:\/\/www.quintatorrinha.com\/wp-content\/uploads\/2022\/08\/aktivitaeten-scaled-e1663235917593.jpg\" data-orig-src=\"https:\/\/www.quintatorrinha.com\/wp-content\/uploads\/2022\/08\/aktivitaeten-scaled-e1663235917593-818x1024.jpg\" alt class=\"lazyload img-responsive wp-image-2395\" srcset=\"data:image\/svg+xml,%3Csvg%20xmlns%3D%27http%3A%2F%2Fwww.w3.org%2F2000%2Fsvg%27%20width%3D%271918%27%20height%3D%272400%27%20viewBox%3D%270%200%201918%202400%27%3E%3Crect%20width%3D%271918%27%20height%3D%272400%27%20fill-opacity%3D%220%22%2F%3E%3C%2Fsvg%3E\" data-srcset=\"https:\/\/www.quintatorrinha.com\/wp-content\/uploads\/2022\/08\/aktivitaeten-scaled-e1663235917593-200x250.jpg 200w, https:\/\/www.quintatorrinha.com\/wp-content\/uploads\/2022\/08\/aktivitaeten-scaled-e1663235917593-400x501.jpg 400w, https:\/\/www.quintatorrinha.com\/wp-content\/uploads\/2022\/08\/aktivitaeten-scaled-e1663235917593-600x751.jpg 600w, https:\/\/www.quintatorrinha.com\/wp-content\/uploads\/2022\/08\/aktivitaeten-scaled-e1663235917593-800x1001.jpg 800w, https:\/\/www.quintatorrinha.com\/wp-content\/uploads\/2022\/08\/aktivitaeten-scaled-e1663235917593-1200x1502.jpg 1200w, https:\/\/www.quintatorrinha.com\/wp-content\/uploads\/2022\/08\/aktivitaeten-scaled-e1663235917593.jpg 1918w\" data-sizes=\"auto\" data-orig-sizes=\"(max-width: 1024px) 100vw, (max-width: 640px) 100vw, 800px\" \/><\/span><\/div><\/div><\/div><div class=\"fusion-layout-column fusion_builder_column fusion-builder-column-4 fusion_builder_column_1_2 1_2 fusion-flex-column\" style=\"--awb-bg-size:cover;--awb-width-large:50%;--awb-margin-top-large:20px;--awb-spacing-right-large:100px;--awb-margin-bottom-large:20px;--awb-spacing-left-large:100px;--awb-width-medium:100%;--awb-order-medium:0;--awb-spacing-right-medium:10px;--awb-spacing-left-medium:10px;--awb-width-small:100%;--awb-order-small:0;--awb-spacing-right-small:10px;--awb-spacing-left-small:10px;\"><div class=\"fusion-column-wrapper fusion-column-has-shadow fusion-flex-justify-content-center fusion-content-layout-column\"><div class=\"fusion-title title fusion-title-3 fusion-sep-none fusion-title-center fusion-title-text fusion-title-size-three\"><h3 class=\"fusion-title-heading title-heading-center fusion-responsive-typography-calculated\" style=\"margin:0;--fontSize:24;line-height:var(--awb-typography2-line-height);\">Atividades e eventos<\/h3><\/div><div class=\"fusion-text fusion-text-2 fusion-text-no-margin\" style=\"--awb-margin-top:50px;--awb-margin-bottom:50px;\"><p style=\"text-align: center;\">N\u00e3o h\u00e1 quase nada que n\u00e3o seja celebrado na Madeira: os vinhos, as flores, os lim\u00f5es, a cana-de-a\u00e7\u00facar, a cacha\u00e7a, os santos da ilha, o folclore, os carnavais, os eventos desportivos, as corridas de carros cl\u00e1ssicos... na v\u00e9spera de Ano Novo, os maiores fogos de artif\u00edcio do mundo exibem o porto e a ba\u00eda. <a href=\"https:\/\/www.visitmadeira.com\/de-de\/was-machen\/veranstaltungen?byLocation=&amp;byKeyword=&amp;byCategory=GrandesEventos\" target=\"_blank\" rel=\"noopener\">Aqui voc\u00ea encontrar\u00e1 uma vis\u00e3o geral de todos os eventos e atividades.<\/a><\/p>\n<\/div><\/div><\/div><\/div><\/div><\/div><div id=\"sehen\" class=\"fusion-container-anchor\"><div class=\"fusion-fullwidth fullwidth-box fusion-builder-row-4 fusion-flex-container has-pattern-background has-mask-background nonhundred-percent-fullwidth non-hundred-percent-height-scrolling\" style=\"--awb-border-radius-top-left:0px;--awb-border-radius-top-right:0px;--awb-border-radius-bottom-right:0px;--awb-border-radius-bottom-left:0px;--awb-flex-wrap:wrap;\" ><div class=\"fusion-builder-row fusion-row fusion-flex-align-items-stretch fusion-flex-content-wrap\" style=\"max-width:calc( 1248px + 20px );margin-left: calc(-20px \/ 2 );margin-right: calc(-20px \/ 2 );\"><div class=\"fusion-layout-column fusion_builder_column fusion-builder-column-5 fusion_builder_column_1_2 1_2 fusion-flex-column\" style=\"--awb-bg-size:cover;--awb-width-large:50%;--awb-margin-top-large:20px;--awb-spacing-right-large:100px;--awb-margin-bottom-large:20px;--awb-spacing-left-large:100px;--awb-width-medium:100%;--awb-order-medium:1;--awb-spacing-right-medium:10px;--awb-spacing-left-medium:10px;--awb-width-small:100%;--awb-order-small:1;--awb-spacing-right-small:10px;--awb-spacing-left-small:10px;\"><div class=\"fusion-column-wrapper fusion-column-has-shadow fusion-flex-justify-content-center fusion-content-layout-column\"><div class=\"fusion-title title fusion-title-4 fusion-sep-none fusion-title-center fusion-title-text fusion-title-size-three\"><h3 class=\"fusion-title-heading title-heading-center fusion-responsive-typography-calculated\" style=\"margin:0;--fontSize:24;line-height:var(--awb-typography2-line-height);\">culin\u00e1ria<\/h3><\/div><div class=\"fusion-text fusion-text-3 fusion-text-no-margin\" style=\"--awb-margin-top:50px;--awb-margin-bottom:50px;\"><p style=\"text-align: center;\">A ilha \u00e9 conhecida pelos seus peixes e mariscos como o atum e o bacalhau e muitas outras especialidades locais. Para os amantes de carne: o &quot;prato nacional&quot; da Madeira \u00e9 a espetada, que s\u00e3o grandes peda\u00e7os de carne cozinhados em espetos com sal, alho e louro. Como doce conclus\u00e3o, muitas vezes h\u00e1 sobremesas com banana ou maracuj\u00e1. E se voc\u00ea conhece as doces tortas de Pastel de Nata de Portugal - elas s\u00e3o t\u00e3o amadas na Madeira.<\/p>\n<\/div><\/div><\/div><div class=\"fusion-layout-column fusion_builder_column fusion-builder-column-6 fusion_builder_column_1_2 1_2 fusion-flex-column\" style=\"--awb-bg-position:center center;--awb-bg-size:cover;--awb-width-large:50%;--awb-margin-top-large:20px;--awb-spacing-right-large:10px;--awb-margin-bottom-large:20px;--awb-spacing-left-large:10px;--awb-width-medium:100%;--awb-order-medium:0;--awb-spacing-right-medium:10px;--awb-spacing-left-medium:10px;--awb-width-small:100%;--awb-order-small:0;--awb-spacing-right-small:10px;--awb-spacing-left-small:10px;\"><div class=\"fusion-column-wrapper fusion-column-has-shadow fusion-flex-justify-content-flex-start fusion-content-layout-column\"><div class=\"fusion-image-element\" style=\"--awb-caption-title-font-family:var(--h2_typography-font-family);--awb-caption-title-font-weight:var(--h2_typography-font-weight);--awb-caption-title-font-style:var(--h2_typography-font-style);--awb-caption-title-size:var(--h2_typography-font-size);--awb-caption-title-transform:var(--h2_typography-text-transform);--awb-caption-title-line-height:var(--h2_typography-line-height);--awb-caption-title-letter-spacing:var(--h2_typography-letter-spacing);\"><span class=\"fusion-imageframe imageframe-none imageframe-3 hover-type-none\"><img decoding=\"async\" width=\"818\" height=\"1024\" title=\"marcos\" src=\"https:\/\/www.quintatorrinha.com\/wp-content\/uploads\/2022\/08\/sehenswuerdigkeiten-scaled-e1663235957321.jpg\" data-orig-src=\"https:\/\/www.quintatorrinha.com\/wp-content\/uploads\/2022\/08\/sehenswuerdigkeiten-scaled-e1663235957321-818x1024.jpg\" alt class=\"lazyload img-responsive wp-image-2394\" srcset=\"data:image\/svg+xml,%3Csvg%20xmlns%3D%27http%3A%2F%2Fwww.w3.org%2F2000%2Fsvg%27%20width%3D%271994%27%20height%3D%272496%27%20viewBox%3D%270%200%201994%202496%27%3E%3Crect%20width%3D%271994%27%20height%3D%272496%27%20fill-opacity%3D%220%22%2F%3E%3C%2Fsvg%3E\" data-srcset=\"https:\/\/www.quintatorrinha.com\/wp-content\/uploads\/2022\/08\/sehenswuerdigkeiten-scaled-e1663235957321-200x250.jpg 200w, https:\/\/www.quintatorrinha.com\/wp-content\/uploads\/2022\/08\/sehenswuerdigkeiten-scaled-e1663235957321-400x501.jpg 400w, https:\/\/www.quintatorrinha.com\/wp-content\/uploads\/2022\/08\/sehenswuerdigkeiten-scaled-e1663235957321-600x751.jpg 600w, https:\/\/www.quintatorrinha.com\/wp-content\/uploads\/2022\/08\/sehenswuerdigkeiten-scaled-e1663235957321-800x1001.jpg 800w, https:\/\/www.quintatorrinha.com\/wp-content\/uploads\/2022\/08\/sehenswuerdigkeiten-scaled-e1663235957321-1200x1502.jpg 1200w\" data-sizes=\"auto\" data-orig-sizes=\"(max-width: 1024px) 100vw, (max-width: 640px) 100vw, 800px\" \/><\/span><\/div><\/div><\/div><\/div><\/div><\/div><\/p>","protected":false},"excerpt":{"rendered":"","protected":false},"author":1,"featured_media":0,"parent":0,"menu_order":0,"comment_status":"closed","ping_status":"closed","template":"100-width.php","meta":{"footnotes":""},"class_list":["post-1536","page","type-page","status-publish","hentry"],"_links":{"self":[{"href":"https:\/\/www.quintatorrinha.com\/pt\/wp-json\/wp\/v2\/pages\/1536","targetHints":{"allow":["GET"]}}],"collection":[{"href":"https:\/\/www.quintatorrinha.com\/pt\/wp-json\/wp\/v2\/pages"}],"about":[{"href":"https:\/\/www.quintatorrinha.com\/pt\/wp-json\/wp\/v2\/types\/page"}],"author":[{"embeddable":true,"href":"https:\/\/www.quintatorrinha.com\/pt\/wp-json\/wp\/v2\/users\/1"}],"replies":[{"embeddable":true,"href":"https:\/\/www.quintatorrinha.com\/pt\/wp-json\/wp\/v2\/comments?post=1536"}],"version-history":[{"count":0,"href":"https:\/\/www.quintatorrinha.com\/pt\/wp-json\/wp\/v2\/pages\/1536\/revisions"}],"wp:attachment":[{"href":"https:\/\/www.quintatorrinha.com\/pt\/wp-json\/wp\/v2\/media?parent=1536"}],"curies":[{"name":"wp","href":"https:\/\/api.w.org\/{rel}","templated":true}]}}