{"id":1534,"date":"2022-07-20T11:35:44","date_gmt":"2022-07-20T09:35:44","guid":{"rendered":"http:\/\/quinta.cytracon2.info\/?page_id=1534"},"modified":"2022-09-30T14:04:50","modified_gmt":"2022-09-30T12:04:50","slug":"anlaesse","status":"publish","type":"page","link":"https:\/\/www.quintatorrinha.com\/pt\/anlaesse\/","title":{"rendered":"Ocasi\u00f5es"},"content":{"rendered":"<p><div class=\"fusion-fullwidth fullwidth-box fusion-builder-row-1 fusion-flex-container nonhundred-percent-fullwidth non-hundred-percent-height-scrolling\" style=\"--awb-border-radius-top-left:0px;--awb-border-radius-top-right:0px;--awb-border-radius-bottom-right:0px;--awb-border-radius-bottom-left:0px;--awb-margin-bottom:50px;--awb-flex-wrap:wrap;\" ><div class=\"fusion-builder-row fusion-row fusion-flex-align-items-flex-start fusion-flex-content-wrap\" style=\"max-width:1297.92px;margin-left: calc(-4% \/ 2 );margin-right: calc(-4% \/ 2 );\"><div class=\"fusion-layout-column fusion_builder_column fusion-builder-column-0 fusion_builder_column_1_1 1_1 fusion-flex-column\" style=\"--awb-padding-right:150px;--awb-padding-left:150px;--awb-padding-right-medium:20px;--awb-padding-left-medium:20px;--awb-padding-right-small:20px;--awb-padding-left-small:20px;--awb-bg-size:cover;--awb-width-large:100%;--awb-margin-top-large:20px;--awb-spacing-right-large:1.92%;--awb-margin-bottom-large:20px;--awb-spacing-left-large:1.92%;--awb-width-medium:100%;--awb-order-medium:0;--awb-spacing-right-medium:1.92%;--awb-spacing-left-medium:1.92%;--awb-width-small:100%;--awb-order-small:0;--awb-spacing-right-small:1.92%;--awb-spacing-left-small:1.92%;\"><div class=\"fusion-column-wrapper fusion-column-has-shadow fusion-flex-justify-content-flex-start fusion-content-layout-column\"><div class=\"fusion-title title fusion-title-1 fusion-sep-none fusion-title-center fusion-title-text fusion-title-size-four\"><h4 class=\"fusion-title-heading title-heading-center fusion-responsive-typography-calculated\" style=\"margin:0;--fontSize:26;line-height:1.5;\"><p>Uma ocasi\u00e3o especial tamb\u00e9m merece um cen\u00e1rio muito especial: a Quinta Torrinha com o seu jardim florido e rom\u00e2ntico e o seu panorama da cidade e do oceano \u00e9 o local perfeito. A villa pode acomodar 10 pessoas - e para um grupo maior de at\u00e9 20 pessoas, a villa tamb\u00e9m pode ser alugada em conjunto com os apartamentos.<br \/>\nFesta de casamento? festa de anivers\u00e1rio? festa em fam\u00edlia? Ocasi\u00e3o de neg\u00f3cios? A Quinta Torrinha cuida de tudo para que momentos preciosos sejam inesquec\u00edveis.<\/p><\/h4><\/div><\/div><\/div><\/div><\/div><div id=\"hochzeiten\" class=\"fusion-container-anchor\"><div class=\"fusion-fullwidth fullwidth-box fusion-builder-row-2 fusion-flex-container has-pattern-background has-mask-background nonhundred-percent-fullwidth non-hundred-percent-height-scrolling\" style=\"--awb-border-radius-top-left:0px;--awb-border-radius-top-right:0px;--awb-border-radius-bottom-right:0px;--awb-border-radius-bottom-left:0px;--awb-flex-wrap:wrap;\" ><div class=\"fusion-builder-row fusion-row fusion-flex-align-items-stretch fusion-flex-content-wrap\" style=\"max-width:calc( 1248px + 20px );margin-left: calc(-20px \/ 2 );margin-right: calc(-20px \/ 2 );\"><div class=\"fusion-layout-column fusion_builder_column fusion-builder-column-1 fusion_builder_column_1_2 1_2 fusion-flex-column\" style=\"--awb-bg-size:cover;--awb-width-large:50%;--awb-margin-top-large:20px;--awb-spacing-right-large:100px;--awb-margin-bottom-large:20px;--awb-spacing-left-large:100px;--awb-width-medium:100%;--awb-order-medium:1;--awb-spacing-right-medium:10px;--awb-spacing-left-medium:10px;--awb-width-small:100%;--awb-order-small:1;--awb-spacing-right-small:10px;--awb-spacing-left-small:10px;\"><div class=\"fusion-column-wrapper fusion-column-has-shadow fusion-flex-justify-content-center fusion-content-layout-column\"><div class=\"fusion-title title fusion-title-2 fusion-sep-none fusion-title-center fusion-title-text fusion-title-size-three\"><h3 class=\"fusion-title-heading title-heading-center fusion-responsive-typography-calculated\" style=\"margin:0;--fontSize:24;line-height:var(--awb-typography2-line-height);\">casamentos<\/h3><\/div><div class=\"fusion-text fusion-text-1 fusion-text-no-margin\" style=\"--awb-margin-top:50px;--awb-margin-bottom:50px;\"><p style=\"text-align: center;\">Um casamento na ilha das flores da Madeira? N\u00f3s dizemos que sim! E ter\u00e1 todo o prazer em facilitar uma cerim\u00f4nia por um registrador local. Seja em um canto encantado do jardim ou na luxuosa quinta, com jantar \u00e0 luz de velas ou catering, festa com convidados, excurs\u00f5es pela ilha... Estamos felizes em cuidar do planejamento individual e aconselhamento pessoal.<\/p>\n<\/div><\/div><\/div><div class=\"fusion-layout-column fusion_builder_column fusion-builder-column-2 fusion_builder_column_1_2 1_2 fusion-flex-column\" style=\"--awb-bg-position:center center;--awb-bg-size:cover;--awb-width-large:50%;--awb-margin-top-large:20px;--awb-spacing-right-large:10px;--awb-margin-bottom-large:20px;--awb-spacing-left-large:10px;--awb-width-medium:100%;--awb-order-medium:0;--awb-spacing-right-medium:10px;--awb-spacing-left-medium:10px;--awb-width-small:100%;--awb-order-small:0;--awb-spacing-right-small:10px;--awb-spacing-left-small:10px;\"><div class=\"fusion-column-wrapper fusion-column-has-shadow fusion-flex-justify-content-flex-start fusion-content-layout-column\"><div class=\"fusion-image-element\" style=\"--awb-margin-top:0px;--awb-margin-right:0px;--awb-margin-bottom:0px;--awb-margin-left:0px;--awb-caption-title-font-family:var(--h2_typography-font-family);--awb-caption-title-font-weight:var(--h2_typography-font-weight);--awb-caption-title-font-style:var(--h2_typography-font-style);--awb-caption-title-size:var(--h2_typography-font-size);--awb-caption-title-transform:var(--h2_typography-text-transform);--awb-caption-title-line-height:var(--h2_typography-line-height);--awb-caption-title-letter-spacing:var(--h2_typography-letter-spacing);\"><span class=\"fusion-imageframe imageframe-none imageframe-1 hover-type-none\"><img decoding=\"async\" width=\"1913\" height=\"2393\" title=\"casamentos\" src=\"https:\/\/www.quintatorrinha.com\/wp-content\/uploads\/2022\/08\/hochzeiten-scaled-e1663236125361.jpg\" data-orig-src=\"https:\/\/www.quintatorrinha.com\/wp-content\/uploads\/2022\/08\/hochzeiten-scaled-e1663236125361.jpg\" alt class=\"lazyload img-responsive wp-image-2399\" srcset=\"data:image\/svg+xml,%3Csvg%20xmlns%3D%27http%3A%2F%2Fwww.w3.org%2F2000%2Fsvg%27%20width%3D%271913%27%20height%3D%272393%27%20viewBox%3D%270%200%201913%202393%27%3E%3Crect%20width%3D%271913%27%20height%3D%272393%27%20fill-opacity%3D%220%22%2F%3E%3C%2Fsvg%3E\" data-srcset=\"https:\/\/www.quintatorrinha.com\/wp-content\/uploads\/2022\/08\/hochzeiten-scaled-e1663236125361-200x250.jpg 200w, https:\/\/www.quintatorrinha.com\/wp-content\/uploads\/2022\/08\/hochzeiten-scaled-e1663236125361-400x500.jpg 400w, https:\/\/www.quintatorrinha.com\/wp-content\/uploads\/2022\/08\/hochzeiten-scaled-e1663236125361-600x751.jpg 600w, https:\/\/www.quintatorrinha.com\/wp-content\/uploads\/2022\/08\/hochzeiten-scaled-e1663236125361-800x1001.jpg 800w, https:\/\/www.quintatorrinha.com\/wp-content\/uploads\/2022\/08\/hochzeiten-scaled-e1663236125361-1200x1501.jpg 1200w, https:\/\/www.quintatorrinha.com\/wp-content\/uploads\/2022\/08\/hochzeiten-scaled-e1663236125361.jpg 1913w\" data-sizes=\"auto\" data-orig-sizes=\"(max-width: 1024px) 100vw, (max-width: 640px) 100vw, 800px\" \/><\/span><\/div><\/div><\/div><\/div><\/div><\/div><div id=\"feste\" class=\"fusion-container-anchor\"><div class=\"fusion-fullwidth fullwidth-box fusion-builder-row-3 fusion-flex-container has-pattern-background has-mask-background nonhundred-percent-fullwidth non-hundred-percent-height-scrolling\" style=\"--awb-border-radius-top-left:0px;--awb-border-radius-top-right:0px;--awb-border-radius-bottom-right:0px;--awb-border-radius-bottom-left:0px;--awb-flex-wrap:wrap;\" ><div class=\"fusion-builder-row fusion-row fusion-flex-align-items-stretch fusion-flex-content-wrap\" style=\"max-width:calc( 1248px + 20px );margin-left: calc(-20px \/ 2 );margin-right: calc(-20px \/ 2 );\"><div class=\"fusion-layout-column fusion_builder_column fusion-builder-column-3 fusion_builder_column_1_2 1_2 fusion-flex-column\" style=\"--awb-bg-position:center center;--awb-bg-size:cover;--awb-width-large:50%;--awb-margin-top-large:20px;--awb-spacing-right-large:10px;--awb-margin-bottom-large:20px;--awb-spacing-left-large:10px;--awb-width-medium:100%;--awb-order-medium:0;--awb-spacing-right-medium:10px;--awb-spacing-left-medium:10px;--awb-width-small:100%;--awb-order-small:0;--awb-spacing-right-small:10px;--awb-spacing-left-small:10px;\"><div class=\"fusion-column-wrapper fusion-column-has-shadow fusion-flex-justify-content-flex-start fusion-content-layout-column\"><div class=\"fusion-image-element\" style=\"--awb-margin-top:0px;--awb-margin-right:0px;--awb-margin-bottom:0px;--awb-margin-left:0px;--awb-caption-title-font-family:var(--h2_typography-font-family);--awb-caption-title-font-weight:var(--h2_typography-font-weight);--awb-caption-title-font-style:var(--h2_typography-font-style);--awb-caption-title-size:var(--h2_typography-font-size);--awb-caption-title-transform:var(--h2_typography-text-transform);--awb-caption-title-line-height:var(--h2_typography-line-height);--awb-caption-title-letter-spacing:var(--h2_typography-letter-spacing);\"><span class=\"fusion-imageframe imageframe-none imageframe-2 hover-type-none\"><img decoding=\"async\" width=\"1919\" height=\"2560\" title=\"fixo\" src=\"https:\/\/www.quintatorrinha.com\/wp-content\/uploads\/2022\/08\/feste-scaled.jpg\" data-orig-src=\"https:\/\/www.quintatorrinha.com\/wp-content\/uploads\/2022\/08\/feste-scaled.jpg\" alt class=\"lazyload img-responsive wp-image-2398\" srcset=\"data:image\/svg+xml,%3Csvg%20xmlns%3D%27http%3A%2F%2Fwww.w3.org%2F2000%2Fsvg%27%20width%3D%271919%27%20height%3D%272560%27%20viewBox%3D%270%200%201919%202560%27%3E%3Crect%20width%3D%271919%27%20height%3D%272560%27%20fill-opacity%3D%220%22%2F%3E%3C%2Fsvg%3E\" data-srcset=\"https:\/\/www.quintatorrinha.com\/wp-content\/uploads\/2022\/08\/feste-200x267.jpg 200w, https:\/\/www.quintatorrinha.com\/wp-content\/uploads\/2022\/08\/feste-400x534.jpg 400w, https:\/\/www.quintatorrinha.com\/wp-content\/uploads\/2022\/08\/feste-600x800.jpg 600w, https:\/\/www.quintatorrinha.com\/wp-content\/uploads\/2022\/08\/feste-800x1067.jpg 800w, https:\/\/www.quintatorrinha.com\/wp-content\/uploads\/2022\/08\/feste-1200x1601.jpg 1200w, https:\/\/www.quintatorrinha.com\/wp-content\/uploads\/2022\/08\/feste-scaled.jpg 1919w\" data-sizes=\"auto\" data-orig-sizes=\"(max-width: 1024px) 100vw, (max-width: 640px) 100vw, 800px\" \/><\/span><\/div><\/div><\/div><div class=\"fusion-layout-column fusion_builder_column fusion-builder-column-4 fusion_builder_column_1_2 1_2 fusion-flex-column\" style=\"--awb-bg-size:cover;--awb-width-large:50%;--awb-margin-top-large:20px;--awb-spacing-right-large:100px;--awb-margin-bottom-large:20px;--awb-spacing-left-large:100px;--awb-width-medium:100%;--awb-order-medium:0;--awb-spacing-right-medium:10px;--awb-spacing-left-medium:10px;--awb-width-small:100%;--awb-order-small:0;--awb-spacing-right-small:10px;--awb-spacing-left-small:10px;\"><div class=\"fusion-column-wrapper fusion-column-has-shadow fusion-flex-justify-content-center fusion-content-layout-column\"><div class=\"fusion-title title fusion-title-3 fusion-sep-none fusion-title-center fusion-title-text fusion-title-size-three\"><h3 class=\"fusion-title-heading title-heading-center fusion-responsive-typography-calculated\" style=\"margin:0;--fontSize:24;line-height:var(--awb-typography2-line-height);\">festivais<\/h3><\/div><div class=\"fusion-text fusion-text-2 fusion-text-no-margin\" style=\"--awb-margin-top:50px;--awb-margin-bottom:50px;\"><p style=\"text-align: center;\">Um anivers\u00e1rio, um noivado, uma festa em fam\u00edlia, um jantar ou aperitivo privado, uma festa musical com amigos... O luxo de estrela da Quinta Torrinha e uma noite sob milh\u00f5es de estrelas no jardim encantador, com vista para o mar e o farfalhar de folhas de palmeira - s\u00f3 isso \u00e9 um convite para celebrar a vida.<\/p>\n<\/div><\/div><\/div><\/div><\/div><\/div><div id=\"firmenevents\" class=\"fusion-container-anchor\"><div class=\"fusion-fullwidth fullwidth-box fusion-builder-row-4 fusion-flex-container has-pattern-background has-mask-background nonhundred-percent-fullwidth non-hundred-percent-height-scrolling\" style=\"--awb-border-radius-top-left:0px;--awb-border-radius-top-right:0px;--awb-border-radius-bottom-right:0px;--awb-border-radius-bottom-left:0px;--awb-flex-wrap:wrap;\" ><div class=\"fusion-builder-row fusion-row fusion-flex-align-items-stretch fusion-flex-content-wrap\" style=\"max-width:calc( 1248px + 20px );margin-left: calc(-20px \/ 2 );margin-right: calc(-20px \/ 2 );\"><div class=\"fusion-layout-column fusion_builder_column fusion-builder-column-5 fusion_builder_column_1_2 1_2 fusion-flex-column\" style=\"--awb-bg-size:cover;--awb-width-large:50%;--awb-margin-top-large:20px;--awb-spacing-right-large:100px;--awb-margin-bottom-large:20px;--awb-spacing-left-large:100px;--awb-width-medium:100%;--awb-order-medium:1;--awb-spacing-right-medium:10px;--awb-spacing-left-medium:10px;--awb-width-small:100%;--awb-order-small:1;--awb-spacing-right-small:10px;--awb-spacing-left-small:10px;\"><div class=\"fusion-column-wrapper fusion-column-has-shadow fusion-flex-justify-content-center fusion-content-layout-column\"><div class=\"fusion-title title fusion-title-4 fusion-sep-none fusion-title-center fusion-title-text fusion-title-size-three\"><h3 class=\"fusion-title-heading title-heading-center fusion-responsive-typography-calculated\" style=\"margin:0;--fontSize:24;line-height:var(--awb-typography2-line-height);\">eventos corporativos<\/h3><\/div><div class=\"fusion-text fusion-text-3 fusion-text-no-margin\" style=\"--awb-margin-top:50px;--awb-margin-bottom:50px;\"><p style=\"text-align: center;\">Desconectado da vida cotidiana, \u00e9 mais f\u00e1cil limpar a cabe\u00e7a para novas ideias de neg\u00f3cios e reuni\u00f5es com clientes ou colegas. Sejam apresenta\u00e7\u00f5es, retiros de empresas, anivers\u00e1rios e outros eventos - talvez combinados com atividades como jogar golfe ou velejar - na Quinta Torrinha temos todo o prazer em cuidar dos neg\u00f3cios dos nossos h\u00f3spedes.<\/p>\n<\/div><\/div><\/div><div class=\"fusion-layout-column fusion_builder_column fusion-builder-column-6 fusion_builder_column_1_2 1_2 fusion-flex-column\" style=\"--awb-bg-position:center center;--awb-bg-size:cover;--awb-width-large:50%;--awb-margin-top-large:20px;--awb-spacing-right-large:10px;--awb-margin-bottom-large:20px;--awb-spacing-left-large:10px;--awb-width-medium:100%;--awb-order-medium:0;--awb-spacing-right-medium:10px;--awb-spacing-left-medium:10px;--awb-width-small:100%;--awb-order-small:0;--awb-spacing-right-small:10px;--awb-spacing-left-small:10px;\"><div class=\"fusion-column-wrapper fusion-column-has-shadow fusion-flex-justify-content-flex-start fusion-content-layout-column\"><div class=\"fusion-image-element\" style=\"--awb-margin-top:0px;--awb-margin-right:0px;--awb-margin-bottom:0px;--awb-margin-left:0px;--awb-caption-title-font-family:var(--h2_typography-font-family);--awb-caption-title-font-weight:var(--h2_typography-font-weight);--awb-caption-title-font-style:var(--h2_typography-font-style);--awb-caption-title-size:var(--h2_typography-font-size);--awb-caption-title-transform:var(--h2_typography-text-transform);--awb-caption-title-line-height:var(--h2_typography-line-height);--awb-caption-title-letter-spacing:var(--h2_typography-letter-spacing);\"><span class=\"fusion-imageframe imageframe-none imageframe-3 hover-type-none\"><img decoding=\"async\" width=\"2003\" height=\"2508\" title=\"eventos corporativos\" src=\"https:\/\/www.quintatorrinha.com\/wp-content\/uploads\/2022\/08\/firmenevents-scaled-e1663236321982.jpg\" data-orig-src=\"https:\/\/www.quintatorrinha.com\/wp-content\/uploads\/2022\/08\/firmenevents-scaled-e1663236321982.jpg\" alt class=\"lazyload img-responsive wp-image-2397\" srcset=\"data:image\/svg+xml,%3Csvg%20xmlns%3D%27http%3A%2F%2Fwww.w3.org%2F2000%2Fsvg%27%20width%3D%272003%27%20height%3D%272508%27%20viewBox%3D%270%200%202003%202508%27%3E%3Crect%20width%3D%272003%27%20height%3D%272508%27%20fill-opacity%3D%220%22%2F%3E%3C%2Fsvg%3E\" data-srcset=\"https:\/\/www.quintatorrinha.com\/wp-content\/uploads\/2022\/08\/firmenevents-scaled-e1663236321982-200x250.jpg 200w, https:\/\/www.quintatorrinha.com\/wp-content\/uploads\/2022\/08\/firmenevents-scaled-e1663236321982-400x501.jpg 400w, https:\/\/www.quintatorrinha.com\/wp-content\/uploads\/2022\/08\/firmenevents-scaled-e1663236321982-600x751.jpg 600w, https:\/\/www.quintatorrinha.com\/wp-content\/uploads\/2022\/08\/firmenevents-scaled-e1663236321982-800x1002.jpg 800w, https:\/\/www.quintatorrinha.com\/wp-content\/uploads\/2022\/08\/firmenevents-scaled-e1663236321982-1200x1503.jpg 1200w, https:\/\/www.quintatorrinha.com\/wp-content\/uploads\/2022\/08\/firmenevents-scaled-e1663236321982.jpg 2003w\" data-sizes=\"auto\" data-orig-sizes=\"(max-width: 1024px) 100vw, (max-width: 640px) 100vw, 800px\" \/><\/span><\/div><\/div><\/div><\/div><\/div><\/div><\/p>","protected":false},"excerpt":{"rendered":"","protected":false},"author":1,"featured_media":0,"parent":0,"menu_order":0,"comment_status":"closed","ping_status":"closed","template":"100-width.php","meta":{"footnotes":""},"class_list":["post-1534","page","type-page","status-publish","hentry"],"_links":{"self":[{"href":"https:\/\/www.quintatorrinha.com\/pt\/wp-json\/wp\/v2\/pages\/1534","targetHints":{"allow":["GET"]}}],"collection":[{"href":"https:\/\/www.quintatorrinha.com\/pt\/wp-json\/wp\/v2\/pages"}],"about":[{"href":"https:\/\/www.quintatorrinha.com\/pt\/wp-json\/wp\/v2\/types\/page"}],"author":[{"embeddable":true,"href":"https:\/\/www.quintatorrinha.com\/pt\/wp-json\/wp\/v2\/users\/1"}],"replies":[{"embeddable":true,"href":"https:\/\/www.quintatorrinha.com\/pt\/wp-json\/wp\/v2\/comments?post=1534"}],"version-history":[{"count":0,"href":"https:\/\/www.quintatorrinha.com\/pt\/wp-json\/wp\/v2\/pages\/1534\/revisions"}],"wp:attachment":[{"href":"https:\/\/www.quintatorrinha.com\/pt\/wp-json\/wp\/v2\/media?parent=1534"}],"curies":[{"name":"wp","href":"https:\/\/api.w.org\/{rel}","templated":true}]}}