{"id":1532,"date":"2022-07-20T11:35:33","date_gmt":"2022-07-20T09:35:33","guid":{"rendered":"http:\/\/quinta.cytracon2.info\/?page_id=1532"},"modified":"2022-09-23T10:23:23","modified_gmt":"2022-09-23T08:23:23","slug":"apartments","status":"publish","type":"page","link":"https:\/\/www.quintatorrinha.com\/pt\/apartments\/","title":{"rendered":"Apartamentos"},"content":{"rendered":"<p><div class=\"fusion-fullwidth fullwidth-box fusion-builder-row-1 fusion-flex-container nonhundred-percent-fullwidth non-hundred-percent-height-scrolling\" style=\"--awb-border-radius-top-left:0px;--awb-border-radius-top-right:0px;--awb-border-radius-bottom-right:0px;--awb-border-radius-bottom-left:0px;--awb-margin-bottom:50px;--awb-flex-wrap:wrap;\" ><div class=\"fusion-builder-row fusion-row fusion-flex-align-items-flex-start fusion-flex-content-wrap\" style=\"max-width:1297.92px;margin-left: calc(-4% \/ 2 );margin-right: calc(-4% \/ 2 );\"><div class=\"fusion-layout-column fusion_builder_column fusion-builder-column-0 fusion_builder_column_1_1 1_1 fusion-flex-column\" style=\"--awb-padding-right:150px;--awb-padding-left:150px;--awb-padding-right-medium:20px;--awb-padding-left-medium:20px;--awb-padding-right-small:20px;--awb-padding-left-small:20px;--awb-bg-size:cover;--awb-width-large:100%;--awb-margin-top-large:20px;--awb-spacing-right-large:1.92%;--awb-margin-bottom-large:20px;--awb-spacing-left-large:1.92%;--awb-width-medium:100%;--awb-order-medium:0;--awb-spacing-right-medium:1.92%;--awb-spacing-left-medium:1.92%;--awb-width-small:100%;--awb-order-small:0;--awb-spacing-right-small:1.92%;--awb-spacing-left-small:1.92%;\"><div class=\"fusion-column-wrapper fusion-column-has-shadow fusion-flex-justify-content-flex-start fusion-content-layout-column\"><div class=\"fusion-title title fusion-title-1 fusion-sep-none fusion-title-center fusion-title-text fusion-title-size-four\"><h4 class=\"fusion-title-heading title-heading-center fusion-responsive-typography-calculated\" style=\"margin:0;--fontSize:26;line-height:1.5;\">Uma casa longe de casa: os Apartamentos de Luxo Quinta Torrinha apostam no bem-estar. Os tr\u00eas apartamentos espa\u00e7osos impressionam pelos tons calmos, pe\u00e7as de design selecionadas e atendimento di\u00e1rio. O gin\u00e1sio exterior com piscina e jacuzzi assim como a cozinha exterior convidam todos os h\u00f3spedes a utiliz\u00e1-la livremente.<\/h4><\/div><\/div><\/div><\/div><\/div><div id=\"geschichte\" class=\"fusion-container-anchor\"><div class=\"fusion-fullwidth fullwidth-box fusion-builder-row-2 fusion-flex-container has-pattern-background has-mask-background nonhundred-percent-fullwidth non-hundred-percent-height-scrolling\" style=\"--awb-border-radius-top-left:0px;--awb-border-radius-top-right:0px;--awb-border-radius-bottom-right:0px;--awb-border-radius-bottom-left:0px;--awb-flex-wrap:wrap;\" ><div class=\"fusion-builder-row fusion-row fusion-flex-align-items-stretch fusion-flex-content-wrap\" style=\"max-width:1297.92px;margin-left: calc(-4% \/ 2 );margin-right: calc(-4% \/ 2 );\"><div class=\"fusion-layout-column fusion_builder_column fusion-builder-column-1 fusion_builder_column_1_2 1_2 fusion-flex-column\" style=\"--awb-bg-color:var(--awb-color3);--awb-bg-color-hover:var(--awb-color3);--awb-bg-size:cover;--awb-width-large:50%;--awb-margin-top-large:20px;--awb-spacing-right-large:3.84%;--awb-margin-bottom-large:20px;--awb-spacing-left-large:3.84%;--awb-width-medium:100%;--awb-order-medium:0;--awb-spacing-right-medium:1.92%;--awb-spacing-left-medium:1.92%;--awb-width-small:100%;--awb-order-small:0;--awb-spacing-right-small:1.92%;--awb-spacing-left-small:1.92%;\"><div class=\"fusion-column-wrapper fusion-column-has-shadow fusion-flex-justify-content-flex-start fusion-content-layout-column\"><style type=\"text\/css\">.fusion-portfolio-wrapper#fusion-portfolio-1 .fusion-portfolio-content{ padding: 25px 40px 25px 40px; text-align: left; }<\/style><div class=\"fusion-recent-works fusion-portfolio-element fusion-portfolio fusion-portfolio-1 fusion-portfolio-grid fusion-portfolio-paging-none fusion-portfolio-one fusion-portfolio-boxed fusion-portfolio-text fusion-portfolio-equal-heights fusion-portfolio-rollover\" data-id=\"-rw-1\" data-columns=\"one\"><style type=\"text\/css\">.fusion-portfolio-1 .fusion-portfolio-wrapper .fusion-col-spacing{padding:25px;}<\/style><div class=\"fusion-portfolio-wrapper\" id=\"fusion-portfolio-1\" data-picturesize=\"auto\" data-pages=\"4\" style=\"margin:-25px;\"><article id=\"portfolio-1-post-1764\" class=\"fusion-portfolio-post apartements-suite fusion-col-spacing post-1764\"><div class=\"fusion-portfolio-content-wrapper\" style=\"border:none;background-color:var(--awb-color3);\"><span class=\"vcard rich-snippet-hidden\"><span class=\"fn\"><a href=\"https:\/\/www.quintatorrinha.com\/pt\/author\/bbcytracon-com\/\" title=\"Artigos de bb@cytracon.com\" rel=\"author\">bb@cytracon.com<\/a><\/span><\/span><span class=\"updated rich-snippet-hidden\">2025-11-05T08:36:36+01:00<\/span><div  class=\"fusion-image-wrapper\" aria-haspopup=\"true\">\n\t\t\t\t<img decoding=\"async\" width=\"2560\" height=\"2552\" src=\"https:\/\/www.quintatorrinha.com\/wp-content\/uploads\/2022\/07\/garten_apartment-scaled.jpg\" class=\"attachment-full size-full lazyload wp-post-image\" alt=\"\" srcset=\"data:image\/svg+xml,%3Csvg%20xmlns%3D%27http%3A%2F%2Fwww.w3.org%2F2000%2Fsvg%27%20width%3D%272560%27%20height%3D%272552%27%20viewBox%3D%270%200%202560%202552%27%3E%3Crect%20width%3D%272560%27%20height%3D%272552%27%20fill-opacity%3D%220%22%2F%3E%3C%2Fsvg%3E\" data-orig-src=\"https:\/\/www.quintatorrinha.com\/wp-content\/uploads\/2022\/07\/garten_apartment-scaled.jpg\" data-srcset=\"https:\/\/www.quintatorrinha.com\/wp-content\/uploads\/2022\/07\/garten_apartment-200x199.jpg 200w, https:\/\/www.quintatorrinha.com\/wp-content\/uploads\/2022\/07\/garten_apartment-400x399.jpg 400w, https:\/\/www.quintatorrinha.com\/wp-content\/uploads\/2022\/07\/garten_apartment-600x598.jpg 600w, https:\/\/www.quintatorrinha.com\/wp-content\/uploads\/2022\/07\/garten_apartment-800x797.jpg 800w, https:\/\/www.quintatorrinha.com\/wp-content\/uploads\/2022\/07\/garten_apartment-1200x1196.jpg 1200w, https:\/\/www.quintatorrinha.com\/wp-content\/uploads\/2022\/07\/garten_apartment-scaled.jpg 2560w\" data-sizes=\"auto\" \/><div class=\"fusion-rollover\">\n\t<div class=\"fusion-rollover-content\">\n\n\t\t\t\t\n\t\t\n\t\t\t\t\t\t\t\t\n\t\t\t\t\t\t\t\t\n\t\t\n\t\t\t\t\t\t<a class=\"fusion-link-wrapper\" href=\"https:\/\/www.quintatorrinha.com\/pt\/portfolio-item\/garden-apartment\/\" aria-label=\"Apartamentos Jardim\"><\/a>\n\t<\/div>\n<\/div>\n<\/div>\n<div class=\"fusion-portfolio-content\" style=\"background-color:var(--awb-color3);\"><h2 class=\"entry-title fusion-post-title\"><a href=\"https:\/\/www.quintatorrinha.com\/pt\/portfolio-item\/garden-apartment\/\">Apartamentos Jardim<\/a><\/h2><div class=\"fusion-content-sep sep-none\" style=\"border-color:var(--awb-color3);\"><\/div><div class=\"fusion-post-content\"><p>Um ref\u00fagio com a natureza em mente - com seu pr\u00f3prio assento e porta de conex\u00e3o para um est\u00fadio separado.<\/p><div class=\"fusion-portfolio-buttons\"><a href=\"https:\/\/www.quintatorrinha.com\/pt\/portfolio-item\/garden-apartment\/\" class=\"fusion-button fusion-button-default fusion-button-default-size fusion-button-flat\">Saber mais<\/a><\/div><\/div><\/div><\/div><\/article><\/div><\/div><\/div><\/div><div class=\"fusion-layout-column fusion_builder_column fusion-builder-column-2 fusion_builder_column_1_2 1_2 fusion-flex-column fusion-flex-align-self-stretch\" style=\"--awb-bg-color:var(--awb-color3);--awb-bg-color-hover:var(--awb-color3);--awb-bg-size:cover;--awb-width-large:50%;--awb-margin-top-large:20px;--awb-spacing-right-large:3.84%;--awb-margin-bottom-large:20px;--awb-spacing-left-large:3.84%;--awb-width-medium:100%;--awb-order-medium:0;--awb-spacing-right-medium:1.92%;--awb-spacing-left-medium:1.92%;--awb-width-small:100%;--awb-order-small:0;--awb-spacing-right-small:1.92%;--awb-spacing-left-small:1.92%;\"><div class=\"fusion-column-wrapper fusion-column-has-shadow fusion-flex-justify-content-flex-start fusion-content-layout-column\"><style type=\"text\/css\">.fusion-portfolio-wrapper#fusion-portfolio-2 .fusion-portfolio-content{ padding: 25px 40px 25px 40px; text-align: left; }<\/style><div class=\"fusion-recent-works fusion-portfolio-element fusion-portfolio fusion-portfolio-2 fusion-portfolio-grid fusion-portfolio-paging-none fusion-portfolio-one fusion-portfolio-boxed fusion-portfolio-text fusion-portfolio-equal-heights fusion-portfolio-rollover\" data-id=\"-rw-2\" data-columns=\"one\"><style type=\"text\/css\">.fusion-portfolio-2 .fusion-portfolio-wrapper .fusion-col-spacing{padding:25px;}<\/style><div class=\"fusion-portfolio-wrapper\" id=\"fusion-portfolio-2\" data-picturesize=\"auto\" data-pages=\"3\" style=\"margin:-25px;\"><article id=\"portfolio-2-post-11252\" class=\"fusion-portfolio-post apartements-suite fusion-col-spacing post-11252\"><div class=\"fusion-portfolio-content-wrapper\" style=\"border:none;background-color:var(--awb-color3);\"><span class=\"vcard rich-snippet-hidden\"><span class=\"fn\"><a href=\"https:\/\/www.quintatorrinha.com\/pt\/author\/bbcytracon-com\/\" title=\"Artigos de bb@cytracon.com\" rel=\"author\">bb@cytracon.com<\/a><\/span><\/span><span class=\"updated rich-snippet-hidden\">2025-11-14T09:18:55+01:00<\/span><div  class=\"fusion-image-wrapper\" aria-haspopup=\"true\">\n\t\t\t\t<img decoding=\"async\" width=\"1440\" height=\"1440\" src=\"https:\/\/www.quintatorrinha.com\/wp-content\/uploads\/2025\/11\/greenhouse-2-1-scaled-e1763108325768.jpg\" class=\"attachment-full size-full lazyload wp-post-image\" alt=\"\" srcset=\"data:image\/svg+xml,%3Csvg%20xmlns%3D%27http%3A%2F%2Fwww.w3.org%2F2000%2Fsvg%27%20width%3D%271440%27%20height%3D%271440%27%20viewBox%3D%270%200%201440%201440%27%3E%3Crect%20width%3D%271440%27%20height%3D%271440%27%20fill-opacity%3D%220%22%2F%3E%3C%2Fsvg%3E\" data-orig-src=\"https:\/\/www.quintatorrinha.com\/wp-content\/uploads\/2025\/11\/greenhouse-2-1-scaled-e1763108325768.jpg\" data-srcset=\"https:\/\/www.quintatorrinha.com\/wp-content\/uploads\/2025\/11\/greenhouse-2-1-scaled-e1763108325768-200x200.jpg 200w, https:\/\/www.quintatorrinha.com\/wp-content\/uploads\/2025\/11\/greenhouse-2-1-scaled-e1763108325768-400x400.jpg 400w, https:\/\/www.quintatorrinha.com\/wp-content\/uploads\/2025\/11\/greenhouse-2-1-scaled-e1763108325768-600x600.jpg 600w, https:\/\/www.quintatorrinha.com\/wp-content\/uploads\/2025\/11\/greenhouse-2-1-scaled-e1763108325768-800x800.jpg 800w, https:\/\/www.quintatorrinha.com\/wp-content\/uploads\/2025\/11\/greenhouse-2-1-scaled-e1763108325768-1200x1200.jpg 1200w, https:\/\/www.quintatorrinha.com\/wp-content\/uploads\/2025\/11\/greenhouse-2-1-scaled-e1763108325768.jpg 1440w\" data-sizes=\"auto\" \/><div class=\"fusion-rollover\">\n\t<div class=\"fusion-rollover-content\">\n\n\t\t\t\t\n\t\t\n\t\t\t\t\t\t\t\t\n\t\t\t\t\t\t\t\t\n\t\t\n\t\t\t\t\t\t<a class=\"fusion-link-wrapper\" href=\"https:\/\/www.quintatorrinha.com\/pt\/portfolio-item\/private-garden-apartment\/?portfolioCats=29\" aria-label=\"Apartamento com Jardim Privativo\"><\/a>\n\t<\/div>\n<\/div>\n<\/div>\n<div class=\"fusion-portfolio-content\" style=\"background-color:var(--awb-color3);\"><h2 class=\"entry-title fusion-post-title\"><a href=\"https:\/\/www.quintatorrinha.com\/pt\/portfolio-item\/private-garden-apartment\/?portfolioCats=29\">Apartamento com Jardim Privativo<\/a><\/h2><div class=\"fusion-content-sep sep-none\" style=\"border-color:var(--awb-color3);\"><\/div><div class=\"fusion-post-content\"><p>Situada no exuberante jardim privado da hist\u00f3rica Quinta Torrinha, no cora\u00e7\u00e3o do Funchal.<\/p><div class=\"fusion-portfolio-buttons\"><a href=\"https:\/\/www.quintatorrinha.com\/pt\/portfolio-item\/private-garden-apartment\/?portfolioCats=29\" class=\"fusion-button fusion-button-default fusion-button-default-size fusion-button-flat\">Saber mais<\/a><\/div><\/div><\/div><\/div><\/article><\/div><\/div><\/div><\/div><div class=\"fusion-layout-column fusion_builder_column fusion-builder-column-3 fusion_builder_column_1_2 1_2 fusion-flex-column\" style=\"--awb-bg-color:var(--awb-color3);--awb-bg-color-hover:var(--awb-color3);--awb-bg-size:cover;--awb-width-large:50%;--awb-margin-top-large:20px;--awb-spacing-right-large:3.84%;--awb-margin-bottom-large:20px;--awb-spacing-left-large:3.84%;--awb-width-medium:100%;--awb-order-medium:0;--awb-spacing-right-medium:1.92%;--awb-spacing-left-medium:1.92%;--awb-width-small:100%;--awb-order-small:0;--awb-spacing-right-small:1.92%;--awb-spacing-left-small:1.92%;\"><div class=\"fusion-column-wrapper fusion-column-has-shadow fusion-flex-justify-content-flex-start fusion-content-layout-column\"><style type=\"text\/css\">.fusion-portfolio-wrapper#fusion-portfolio-3 .fusion-portfolio-content{ padding: 25px 40px 25px 40px; text-align: left; }<\/style><div class=\"fusion-recent-works fusion-portfolio-element fusion-portfolio fusion-portfolio-3 fusion-portfolio-grid fusion-portfolio-paging-none fusion-portfolio-one fusion-portfolio-boxed fusion-portfolio-text fusion-portfolio-equal-heights fusion-portfolio-rollover\" data-id=\"-rw-3\" data-columns=\"one\"><style type=\"text\/css\">.fusion-portfolio-3 .fusion-portfolio-wrapper .fusion-col-spacing{padding:25px;}<\/style><div class=\"fusion-portfolio-wrapper\" id=\"fusion-portfolio-3\" data-picturesize=\"auto\" data-pages=\"2\" style=\"margin:-25px;\"><article id=\"portfolio-3-post-1763\" class=\"fusion-portfolio-post apartements-suite fusion-col-spacing post-1763\"><div class=\"fusion-portfolio-content-wrapper\" style=\"border:none;background-color:var(--awb-color3);\"><span class=\"vcard rich-snippet-hidden\"><span class=\"fn\"><a href=\"https:\/\/www.quintatorrinha.com\/pt\/author\/bbcytracon-com\/\" title=\"Artigos de bb@cytracon.com\" rel=\"author\">bb@cytracon.com<\/a><\/span><\/span><span class=\"updated rich-snippet-hidden\">2025-11-05T09:01:50+01:00<\/span><div  class=\"fusion-image-wrapper\" aria-haspopup=\"true\">\n\t\t\t\t<img decoding=\"async\" width=\"2560\" height=\"2552\" src=\"https:\/\/www.quintatorrinha.com\/wp-content\/uploads\/2022\/07\/luxo_dream_apartment.png\" class=\"attachment-full size-full lazyload wp-post-image\" alt=\"\" srcset=\"data:image\/svg+xml,%3Csvg%20xmlns%3D%27http%3A%2F%2Fwww.w3.org%2F2000%2Fsvg%27%20width%3D%272560%27%20height%3D%272552%27%20viewBox%3D%270%200%202560%202552%27%3E%3Crect%20width%3D%272560%27%20height%3D%272552%27%20fill-opacity%3D%220%22%2F%3E%3C%2Fsvg%3E\" data-orig-src=\"https:\/\/www.quintatorrinha.com\/wp-content\/uploads\/2022\/07\/luxo_dream_apartment.png\" data-srcset=\"https:\/\/www.quintatorrinha.com\/wp-content\/uploads\/2022\/07\/luxo_dream_apartment-200x199.png 200w, https:\/\/www.quintatorrinha.com\/wp-content\/uploads\/2022\/07\/luxo_dream_apartment-400x399.png 400w, https:\/\/www.quintatorrinha.com\/wp-content\/uploads\/2022\/07\/luxo_dream_apartment-600x598.png 600w, https:\/\/www.quintatorrinha.com\/wp-content\/uploads\/2022\/07\/luxo_dream_apartment-800x797.png 800w, https:\/\/www.quintatorrinha.com\/wp-content\/uploads\/2022\/07\/luxo_dream_apartment-1200x1196.png 1200w, https:\/\/www.quintatorrinha.com\/wp-content\/uploads\/2022\/07\/luxo_dream_apartment.png 2560w\" data-sizes=\"auto\" \/><div class=\"fusion-rollover\">\n\t<div class=\"fusion-rollover-content\">\n\n\t\t\t\t\n\t\t\n\t\t\t\t\t\t\t\t\n\t\t\t\t\t\t\t\t\n\t\t\n\t\t\t\t\t\t<a class=\"fusion-link-wrapper\" href=\"https:\/\/www.quintatorrinha.com\/pt\/portfolio-item\/luxo-dream-apartment\/?portfolioCats=29\" aria-label=\"Apartamento Luxo Dream\"><\/a>\n\t<\/div>\n<\/div>\n<\/div>\n<div class=\"fusion-portfolio-content\" style=\"background-color:var(--awb-color3);\"><h2 class=\"entry-title fusion-post-title\"><a href=\"https:\/\/www.quintatorrinha.com\/pt\/portfolio-item\/luxo-dream-apartment\/?portfolioCats=29\">Apartamento Luxo Dream<\/a><\/h2><div class=\"fusion-content-sep sep-none\" style=\"border-color:var(--awb-color3);\"><\/div><div class=\"fusion-post-content\"><p>Muito espa\u00e7o e privacidade no primeiro andar com varanda pr\u00f3pria.<\/p><div class=\"fusion-portfolio-buttons\"><a href=\"https:\/\/www.quintatorrinha.com\/pt\/portfolio-item\/luxo-dream-apartment\/?portfolioCats=29\" class=\"fusion-button fusion-button-default fusion-button-default-size fusion-button-flat\">Saber mais<\/a><\/div><\/div><\/div><\/div><\/article><\/div><\/div><\/div><\/div><div class=\"fusion-layout-column fusion_builder_column fusion-builder-column-4 fusion_builder_column_1_2 1_2 fusion-flex-column fusion-flex-align-self-flex-start\" style=\"--awb-overflow:hidden;--awb-bg-color:var(--awb-color8);--awb-bg-color-hover:var(--awb-color8);--awb-bg-size:cover;--awb-width-large:50%;--awb-margin-top-large:20px;--awb-spacing-right-large:3.84%;--awb-margin-bottom-large:20px;--awb-spacing-left-large:3.84%;--awb-width-medium:100%;--awb-order-medium:0;--awb-spacing-right-medium:1.92%;--awb-spacing-left-medium:1.92%;--awb-width-small:100%;--awb-order-small:0;--awb-spacing-right-small:1.92%;--awb-spacing-left-small:1.92%;\"><div class=\"fusion-column-wrapper fusion-column-has-shadow fusion-flex-justify-content-flex-start fusion-content-layout-column\"><div class=\"fusion-title title fusion-title-2 fusion-sep-none fusion-title-center fusion-title-text fusion-title-size-four\" style=\"--awb-text-color:var(--awb-color1);--awb-margin-top:200px;--awb-margin-bottom:200px;--awb-link-color:var(--awb-color1);--awb-link-hover-color:var(--awb-color3);\"><h4 class=\"fusion-title-heading title-heading-center fusion-responsive-typography-calculated\" style=\"margin:0;--fontSize:26;line-height:1.5;\"><a href=\"https:\/\/www.quintatorrinha.com\/pt\/villa-suiten-zimmer\/\" class=\"awb-custom-text-color awb-custom-text-hover-color\" target=\"_self\"><p>Projetado individualmente<br \/>\nQuartos e su\u00edtes?<br \/>\nAqui est\u00e1<br \/>\nVila Quinta Torrenha.<\/p><\/a><\/h4><\/div><\/div><\/div><\/div><\/div><\/div><\/p>","protected":false},"excerpt":{"rendered":"","protected":false},"author":1,"featured_media":0,"parent":0,"menu_order":0,"comment_status":"closed","ping_status":"closed","template":"100-width.php","meta":{"footnotes":""},"class_list":["post-1532","page","type-page","status-publish","hentry"],"_links":{"self":[{"href":"https:\/\/www.quintatorrinha.com\/pt\/wp-json\/wp\/v2\/pages\/1532","targetHints":{"allow":["GET"]}}],"collection":[{"href":"https:\/\/www.quintatorrinha.com\/pt\/wp-json\/wp\/v2\/pages"}],"about":[{"href":"https:\/\/www.quintatorrinha.com\/pt\/wp-json\/wp\/v2\/types\/page"}],"author":[{"embeddable":true,"href":"https:\/\/www.quintatorrinha.com\/pt\/wp-json\/wp\/v2\/users\/1"}],"replies":[{"embeddable":true,"href":"https:\/\/www.quintatorrinha.com\/pt\/wp-json\/wp\/v2\/comments?post=1532"}],"version-history":[{"count":0,"href":"https:\/\/www.quintatorrinha.com\/pt\/wp-json\/wp\/v2\/pages\/1532\/revisions"}],"wp:attachment":[{"href":"https:\/\/www.quintatorrinha.com\/pt\/wp-json\/wp\/v2\/media?parent=1532"}],"curies":[{"name":"wp","href":"https:\/\/api.w.org\/{rel}","templated":true}]}}