{"id":1530,"date":"2022-07-20T11:35:18","date_gmt":"2022-07-20T09:35:18","guid":{"rendered":"http:\/\/quinta.cytracon2.info\/?page_id=1530"},"modified":"2022-09-09T10:19:08","modified_gmt":"2022-09-09T08:19:08","slug":"villa-suiten-zimmer","status":"publish","type":"page","link":"https:\/\/www.quintatorrinha.com\/pt\/villa-suiten-zimmer\/","title":{"rendered":"Villa Su\u00edtes e Quartos"},"content":{"rendered":"<p><div class=\"fusion-fullwidth fullwidth-box fusion-builder-row-1 fusion-flex-container nonhundred-percent-fullwidth non-hundred-percent-height-scrolling\" style=\"--awb-border-radius-top-left:0px;--awb-border-radius-top-right:0px;--awb-border-radius-bottom-right:0px;--awb-border-radius-bottom-left:0px;--awb-margin-bottom:50px;--awb-flex-wrap:wrap;\" ><div class=\"fusion-builder-row fusion-row fusion-flex-align-items-flex-start fusion-flex-content-wrap\" style=\"max-width:1297.92px;margin-left: calc(-4% \/ 2 );margin-right: calc(-4% \/ 2 );\"><div class=\"fusion-layout-column fusion_builder_column fusion-builder-column-0 fusion_builder_column_1_1 1_1 fusion-flex-column\" style=\"--awb-padding-right:150px;--awb-padding-left:150px;--awb-padding-right-medium:20px;--awb-padding-left-medium:20px;--awb-padding-right-small:20px;--awb-padding-left-small:20px;--awb-bg-size:cover;--awb-width-large:100%;--awb-margin-top-large:20px;--awb-spacing-right-large:1.92%;--awb-margin-bottom-large:20px;--awb-spacing-left-large:1.92%;--awb-width-medium:100%;--awb-order-medium:0;--awb-spacing-right-medium:1.92%;--awb-spacing-left-medium:1.92%;--awb-width-small:100%;--awb-order-small:0;--awb-spacing-right-small:1.92%;--awb-spacing-left-small:1.92%;\"><div class=\"fusion-column-wrapper fusion-column-has-shadow fusion-flex-justify-content-flex-start fusion-content-layout-column\"><div class=\"fusion-title title fusion-title-1 fusion-sep-none fusion-title-center fusion-title-text fusion-title-size-four\"><h4 class=\"fusion-title-heading title-heading-center fusion-responsive-typography-calculated\" style=\"margin:0;--fontSize:26;line-height:1.5;\"><p>A combina\u00e7\u00e3o de quinta tradicional e villa de design moderno. Os 3 quartos duplos e 2 suites jardim da Villa Torrinha s\u00e3o elegantes e cheios de estilo, enquanto a biblioteca e a sala de TV exalam o charme original da casa de campo. A beleza da paisagem do jardim com zona de piscina inspira e \u00e9 perfeita para dias relaxantes e noites de conv\u00edvio.<br \/>\nMediante acordo, a villa tamb\u00e9m pode ser alugada exclusivamente para fam\u00edlias e amigos para at\u00e9 10 pessoas.<\/p><\/h4><\/div><\/div><\/div><\/div><\/div><div id=\"geschichte\" class=\"fusion-container-anchor\"><div class=\"fusion-fullwidth fullwidth-box fusion-builder-row-2 fusion-flex-container nonhundred-percent-fullwidth non-hundred-percent-height-scrolling\" style=\"--awb-border-radius-top-left:0px;--awb-border-radius-top-right:0px;--awb-border-radius-bottom-right:0px;--awb-border-radius-bottom-left:0px;--awb-flex-wrap:wrap;\" ><div class=\"fusion-builder-row fusion-row fusion-flex-align-items-stretch fusion-flex-content-wrap\" style=\"max-width:1297.92px;margin-left: calc(-4% \/ 2 );margin-right: calc(-4% \/ 2 );\"><div class=\"fusion-layout-column fusion_builder_column fusion-builder-column-1 fusion_builder_column_1_2 1_2 fusion-flex-column\" style=\"--awb-bg-color:var(--awb-color3);--awb-bg-color-hover:var(--awb-color3);--awb-bg-size:cover;--awb-width-large:50%;--awb-margin-top-large:20px;--awb-spacing-right-large:3.84%;--awb-margin-bottom-large:20px;--awb-spacing-left-large:3.84%;--awb-width-medium:100%;--awb-order-medium:0;--awb-spacing-right-medium:1.92%;--awb-spacing-left-medium:1.92%;--awb-width-small:100%;--awb-order-small:0;--awb-spacing-right-small:1.92%;--awb-spacing-left-small:1.92%;\"><div class=\"fusion-column-wrapper fusion-column-has-shadow fusion-flex-justify-content-flex-start fusion-content-layout-column\"><style type=\"text\/css\">.fusion-portfolio-wrapper#fusion-portfolio-1 .fusion-portfolio-content{ padding: 25px 40px 25px 40px; text-align: left; }<\/style><div class=\"fusion-recent-works fusion-portfolio-element fusion-portfolio fusion-portfolio-1 fusion-portfolio-grid fusion-portfolio-paging-none fusion-portfolio-one fusion-portfolio-boxed fusion-portfolio-text fusion-portfolio-equal-heights fusion-portfolio-rollover\" data-id=\"-rw-1\" data-columns=\"one\"><style type=\"text\/css\">.fusion-portfolio-1 .fusion-portfolio-wrapper .fusion-col-spacing{padding:25px;}<\/style><div class=\"fusion-portfolio-wrapper\" id=\"fusion-portfolio-1\" data-picturesize=\"auto\" data-pages=\"5\" style=\"margin:-25px;\"><article id=\"portfolio-1-post-1743\" class=\"fusion-portfolio-post villa-suiten-zimmer fusion-col-spacing post-1743\"><div class=\"fusion-portfolio-content-wrapper\" style=\"border:none;background-color:var(--awb-color3);\"><span class=\"vcard rich-snippet-hidden\"><span class=\"fn\"><a href=\"https:\/\/www.quintatorrinha.com\/pt\/author\/bbcytracon-com\/\" title=\"Artigos de bb@cytracon.com\" rel=\"author\">bb@cytracon.com<\/a><\/span><\/span><span class=\"updated rich-snippet-hidden\">2025-11-05T09:26:15+01:00<\/span><div  class=\"fusion-image-wrapper\" aria-haspopup=\"true\">\n\t\t\t\t<img decoding=\"async\" width=\"2552\" height=\"2560\" src=\"https:\/\/www.quintatorrinha.com\/wp-content\/uploads\/2022\/07\/suite1-scaled.jpg\" class=\"attachment-full size-full lazyload wp-post-image\" alt=\"\" srcset=\"data:image\/svg+xml,%3Csvg%20xmlns%3D%27http%3A%2F%2Fwww.w3.org%2F2000%2Fsvg%27%20width%3D%272552%27%20height%3D%272560%27%20viewBox%3D%270%200%202552%202560%27%3E%3Crect%20width%3D%272552%27%20height%3D%272560%27%20fill-opacity%3D%220%22%2F%3E%3C%2Fsvg%3E\" data-orig-src=\"https:\/\/www.quintatorrinha.com\/wp-content\/uploads\/2022\/07\/suite1-scaled.jpg\" data-srcset=\"https:\/\/www.quintatorrinha.com\/wp-content\/uploads\/2022\/07\/suite1-200x201.jpg 200w, https:\/\/www.quintatorrinha.com\/wp-content\/uploads\/2022\/07\/suite1-400x401.jpg 400w, https:\/\/www.quintatorrinha.com\/wp-content\/uploads\/2022\/07\/suite1-600x602.jpg 600w, https:\/\/www.quintatorrinha.com\/wp-content\/uploads\/2022\/07\/suite1-800x803.jpg 800w, https:\/\/www.quintatorrinha.com\/wp-content\/uploads\/2022\/07\/suite1-1200x1204.jpg 1200w, https:\/\/www.quintatorrinha.com\/wp-content\/uploads\/2022\/07\/suite1-scaled.jpg 2552w\" data-sizes=\"auto\" \/><div class=\"fusion-rollover\">\n\t<div class=\"fusion-rollover-content\">\n\n\t\t\t\t\n\t\t\n\t\t\t\t\t\t\t\t\n\t\t\t\t\t\t\t\t\n\t\t\n\t\t\t\t\t\t<a class=\"fusion-link-wrapper\" href=\"https:\/\/www.quintatorrinha.com\/pt\/portfolio-item\/garden-suite\/\" aria-label=\"Su\u00edte Jardim\"><\/a>\n\t<\/div>\n<\/div>\n<\/div>\n<div class=\"fusion-portfolio-content\" style=\"background-color:var(--awb-color3);\"><h2 class=\"entry-title fusion-post-title\"><a href=\"https:\/\/www.quintatorrinha.com\/pt\/portfolio-item\/garden-suite\/\">Su\u00edte Jardim<\/a><\/h2><div class=\"fusion-content-sep sep-none\" style=\"border-color:var(--awb-color3);\"><\/div><div class=\"fusion-post-content\"><p>A maior su\u00edte da casa com acesso direto ao jardim subtropical.<\/p><div class=\"fusion-portfolio-buttons\"><a href=\"https:\/\/www.quintatorrinha.com\/pt\/portfolio-item\/garden-suite\/\" class=\"fusion-button fusion-button-default fusion-button-default-size fusion-button-flat\">Saber mais<\/a><\/div><\/div><\/div><\/div><\/article><\/div><\/div><\/div><\/div><div class=\"fusion-layout-column fusion_builder_column fusion-builder-column-2 fusion_builder_column_1_2 1_2 fusion-flex-column\" style=\"--awb-bg-color:var(--awb-color3);--awb-bg-color-hover:var(--awb-color3);--awb-bg-size:cover;--awb-width-large:50%;--awb-margin-top-large:20px;--awb-spacing-right-large:3.84%;--awb-margin-bottom-large:20px;--awb-spacing-left-large:3.84%;--awb-width-medium:100%;--awb-order-medium:0;--awb-spacing-right-medium:1.92%;--awb-spacing-left-medium:1.92%;--awb-width-small:100%;--awb-order-small:0;--awb-spacing-right-small:1.92%;--awb-spacing-left-small:1.92%;\"><div class=\"fusion-column-wrapper fusion-column-has-shadow fusion-flex-justify-content-flex-start fusion-content-layout-column\"><style type=\"text\/css\">.fusion-portfolio-wrapper#fusion-portfolio-2 .fusion-portfolio-content{ padding: 25px 40px 25px 40px; text-align: left; }<\/style><div class=\"fusion-recent-works fusion-portfolio-element fusion-portfolio fusion-portfolio-2 fusion-portfolio-grid fusion-portfolio-paging-none fusion-portfolio-one fusion-portfolio-boxed fusion-portfolio-text fusion-portfolio-equal-heights fusion-portfolio-rollover\" data-id=\"-rw-2\" data-columns=\"one\"><style type=\"text\/css\">.fusion-portfolio-2 .fusion-portfolio-wrapper .fusion-col-spacing{padding:25px;}<\/style><div class=\"fusion-portfolio-wrapper\" id=\"fusion-portfolio-2\" data-picturesize=\"auto\" data-pages=\"4\" style=\"margin:-25px;\"><article id=\"portfolio-2-post-1761\" class=\"fusion-portfolio-post villa-suiten-zimmer fusion-col-spacing post-1761\"><div class=\"fusion-portfolio-content-wrapper\" style=\"border:none;background-color:var(--awb-color3);\"><span class=\"vcard rich-snippet-hidden\"><span class=\"fn\"><a href=\"https:\/\/www.quintatorrinha.com\/pt\/author\/bbcytracon-com\/\" title=\"Artigos de bb@cytracon.com\" rel=\"author\">bb@cytracon.com<\/a><\/span><\/span><span class=\"updated rich-snippet-hidden\">2025-11-05T09:25:03+01:00<\/span><div  class=\"fusion-image-wrapper\" aria-haspopup=\"true\">\n\t\t\t\t<img decoding=\"async\" width=\"1200\" height=\"1204\" src=\"https:\/\/www.quintatorrinha.com\/wp-content\/uploads\/2022\/11\/suite2-1200x1204-1.jpg\" class=\"attachment-full size-full lazyload wp-post-image\" alt=\"\" srcset=\"data:image\/svg+xml,%3Csvg%20xmlns%3D%27http%3A%2F%2Fwww.w3.org%2F2000%2Fsvg%27%20width%3D%271200%27%20height%3D%271204%27%20viewBox%3D%270%200%201200%201204%27%3E%3Crect%20width%3D%271200%27%20height%3D%271204%27%20fill-opacity%3D%220%22%2F%3E%3C%2Fsvg%3E\" data-orig-src=\"https:\/\/www.quintatorrinha.com\/wp-content\/uploads\/2022\/11\/suite2-1200x1204-1.jpg\" data-srcset=\"https:\/\/www.quintatorrinha.com\/wp-content\/uploads\/2022\/11\/suite2-1200x1204-1-200x201.jpg 200w, https:\/\/www.quintatorrinha.com\/wp-content\/uploads\/2022\/11\/suite2-1200x1204-1-400x401.jpg 400w, https:\/\/www.quintatorrinha.com\/wp-content\/uploads\/2022\/11\/suite2-1200x1204-1-600x602.jpg 600w, https:\/\/www.quintatorrinha.com\/wp-content\/uploads\/2022\/11\/suite2-1200x1204-1-800x803.jpg 800w, https:\/\/www.quintatorrinha.com\/wp-content\/uploads\/2022\/11\/suite2-1200x1204-1.jpg 1200w\" data-sizes=\"auto\" \/><div class=\"fusion-rollover\">\n\t<div class=\"fusion-rollover-content\">\n\n\t\t\t\t\n\t\t\n\t\t\t\t\t\t\t\t\n\t\t\t\t\t\t\t\t\n\t\t\n\t\t\t\t\t\t<a class=\"fusion-link-wrapper\" href=\"https:\/\/www.quintatorrinha.com\/pt\/portfolio-item\/lagoon-suite\/?portfolioCats=28\" aria-label=\"Su\u00edte Lagoa\"><\/a>\n\t<\/div>\n<\/div>\n<\/div>\n<div class=\"fusion-portfolio-content\" style=\"background-color:var(--awb-color3);\"><h2 class=\"entry-title fusion-post-title\"><a href=\"https:\/\/www.quintatorrinha.com\/pt\/portfolio-item\/lagoon-suite\/?portfolioCats=28\">Su\u00edte Lagoa<\/a><\/h2><div class=\"fusion-content-sep sep-none\" style=\"border-color:var(--awb-color3);\"><\/div><div class=\"fusion-post-content\"><p>Um terra\u00e7o \u00e9 a extens\u00e3o externa desta su\u00edte no n\u00edvel do jardim.<\/p><div class=\"fusion-portfolio-buttons\"><a href=\"https:\/\/www.quintatorrinha.com\/pt\/portfolio-item\/lagoon-suite\/?portfolioCats=28\" class=\"fusion-button fusion-button-default fusion-button-default-size fusion-button-flat\">Saber mais<\/a><\/div><\/div><\/div><\/div><\/article><\/div><\/div><\/div><\/div><div class=\"fusion-layout-column fusion_builder_column fusion-builder-column-3 fusion_builder_column_1_2 1_2 fusion-flex-column\" style=\"--awb-bg-color:var(--awb-color3);--awb-bg-color-hover:var(--awb-color3);--awb-bg-size:cover;--awb-width-large:50%;--awb-margin-top-large:20px;--awb-spacing-right-large:3.84%;--awb-margin-bottom-large:20px;--awb-spacing-left-large:3.84%;--awb-width-medium:100%;--awb-order-medium:0;--awb-spacing-right-medium:1.92%;--awb-spacing-left-medium:1.92%;--awb-width-small:100%;--awb-order-small:0;--awb-spacing-right-small:1.92%;--awb-spacing-left-small:1.92%;\"><div class=\"fusion-column-wrapper fusion-column-has-shadow fusion-flex-justify-content-flex-start fusion-content-layout-column\"><style type=\"text\/css\">.fusion-portfolio-wrapper#fusion-portfolio-3 .fusion-portfolio-content{ padding: 25px 40px 25px 40px; text-align: left; }<\/style><div class=\"fusion-recent-works fusion-portfolio-element fusion-portfolio fusion-portfolio-3 fusion-portfolio-grid fusion-portfolio-paging-none fusion-portfolio-one fusion-portfolio-boxed fusion-portfolio-text fusion-portfolio-equal-heights fusion-portfolio-rollover\" data-id=\"-rw-3\" data-columns=\"one\"><style type=\"text\/css\">.fusion-portfolio-3 .fusion-portfolio-wrapper .fusion-col-spacing{padding:25px;}<\/style><div class=\"fusion-portfolio-wrapper\" id=\"fusion-portfolio-3\" data-picturesize=\"auto\" data-pages=\"3\" style=\"margin:-25px;\"><article id=\"portfolio-3-post-1767\" class=\"fusion-portfolio-post villa-suiten-zimmer fusion-col-spacing post-1767\"><div class=\"fusion-portfolio-content-wrapper\" style=\"border:none;background-color:var(--awb-color3);\"><span class=\"vcard rich-snippet-hidden\"><span class=\"fn\"><a href=\"https:\/\/www.quintatorrinha.com\/pt\/author\/bbcytracon-com\/\" title=\"Artigos de bb@cytracon.com\" rel=\"author\">bb@cytracon.com<\/a><\/span><\/span><span class=\"updated rich-snippet-hidden\">2025-11-05T08:30:43+01:00<\/span><div  class=\"fusion-image-wrapper\" aria-haspopup=\"true\">\n\t\t\t\t<img decoding=\"async\" width=\"2560\" height=\"2560\" src=\"https:\/\/www.quintatorrinha.com\/wp-content\/uploads\/2022\/09\/Ocean-view.jpg\" class=\"attachment-full size-full lazyload wp-post-image\" alt=\"\" srcset=\"data:image\/svg+xml,%3Csvg%20xmlns%3D%27http%3A%2F%2Fwww.w3.org%2F2000%2Fsvg%27%20width%3D%272560%27%20height%3D%272560%27%20viewBox%3D%270%200%202560%202560%27%3E%3Crect%20width%3D%272560%27%20height%3D%272560%27%20fill-opacity%3D%220%22%2F%3E%3C%2Fsvg%3E\" data-orig-src=\"https:\/\/www.quintatorrinha.com\/wp-content\/uploads\/2022\/09\/Ocean-view.jpg\" data-srcset=\"https:\/\/www.quintatorrinha.com\/wp-content\/uploads\/2022\/09\/Ocean-view-200x200.jpg 200w, https:\/\/www.quintatorrinha.com\/wp-content\/uploads\/2022\/09\/Ocean-view-400x400.jpg 400w, https:\/\/www.quintatorrinha.com\/wp-content\/uploads\/2022\/09\/Ocean-view-600x600.jpg 600w, https:\/\/www.quintatorrinha.com\/wp-content\/uploads\/2022\/09\/Ocean-view-800x800.jpg 800w, https:\/\/www.quintatorrinha.com\/wp-content\/uploads\/2022\/09\/Ocean-view-1200x1200.jpg 1200w, https:\/\/www.quintatorrinha.com\/wp-content\/uploads\/2022\/09\/Ocean-view.jpg 2560w\" data-sizes=\"auto\" \/><div class=\"fusion-rollover\">\n\t<div class=\"fusion-rollover-content\">\n\n\t\t\t\t\n\t\t\n\t\t\t\t\t\t\t\t\n\t\t\t\t\t\t\t\t\n\t\t\n\t\t\t\t\t\t<a class=\"fusion-link-wrapper\" href=\"https:\/\/www.quintatorrinha.com\/pt\/portfolio-item\/double-room-ocean-view\/?portfolioCats=28\" aria-label=\"Quarto Duplo Vista Oceano\"><\/a>\n\t<\/div>\n<\/div>\n<\/div>\n<div class=\"fusion-portfolio-content\" style=\"background-color:var(--awb-color3);\"><h2 class=\"entry-title fusion-post-title\"><a href=\"https:\/\/www.quintatorrinha.com\/pt\/portfolio-item\/double-room-ocean-view\/?portfolioCats=28\">Quarto Duplo Vista Oceano<\/a><\/h2><div class=\"fusion-content-sep sep-none\" style=\"border-color:var(--awb-color3);\"><\/div><div class=\"fusion-post-content\"><p>Mergulhe em materiais nobres e naturais no confort\u00e1vel quarto duplo com uma bela vista para o jardim.<\/p><div class=\"fusion-portfolio-buttons\"><a href=\"https:\/\/www.quintatorrinha.com\/pt\/portfolio-item\/double-room-ocean-view\/?portfolioCats=28\" class=\"fusion-button fusion-button-default fusion-button-default-size fusion-button-flat\">Saber mais<\/a><\/div><\/div><\/div><\/div><\/article><\/div><\/div><\/div><\/div><div class=\"fusion-layout-column fusion_builder_column fusion-builder-column-4 fusion_builder_column_1_2 1_2 fusion-flex-column\" style=\"--awb-bg-color:var(--awb-color3);--awb-bg-color-hover:var(--awb-color3);--awb-bg-size:cover;--awb-width-large:50%;--awb-margin-top-large:20px;--awb-spacing-right-large:3.84%;--awb-margin-bottom-large:20px;--awb-spacing-left-large:3.84%;--awb-width-medium:100%;--awb-order-medium:0;--awb-spacing-right-medium:1.92%;--awb-spacing-left-medium:1.92%;--awb-width-small:100%;--awb-order-small:0;--awb-spacing-right-small:1.92%;--awb-spacing-left-small:1.92%;\"><div class=\"fusion-column-wrapper fusion-column-has-shadow fusion-flex-justify-content-flex-start fusion-content-layout-column\"><style type=\"text\/css\">.fusion-portfolio-wrapper#fusion-portfolio-4 .fusion-portfolio-content{ padding: 25px 40px 25px 40px; text-align: left; }<\/style><div class=\"fusion-recent-works fusion-portfolio-element fusion-portfolio fusion-portfolio-4 fusion-portfolio-grid fusion-portfolio-paging-none fusion-portfolio-one fusion-portfolio-boxed fusion-portfolio-text fusion-portfolio-equal-heights fusion-portfolio-rollover\" data-id=\"-rw-4\" data-columns=\"one\"><style type=\"text\/css\">.fusion-portfolio-4 .fusion-portfolio-wrapper .fusion-col-spacing{padding:25px;}<\/style><div class=\"fusion-portfolio-wrapper\" id=\"fusion-portfolio-4\" data-picturesize=\"auto\" data-pages=\"2\" style=\"margin:-25px;\"><article id=\"portfolio-4-post-1766\" class=\"fusion-portfolio-post villa-suiten-zimmer fusion-col-spacing post-1766\"><div class=\"fusion-portfolio-content-wrapper\" style=\"border:none;background-color:var(--awb-color3);\"><span class=\"vcard rich-snippet-hidden\"><span class=\"fn\"><a href=\"https:\/\/www.quintatorrinha.com\/pt\/author\/bbcytracon-com\/\" title=\"Artigos de bb@cytracon.com\" rel=\"author\">bb@cytracon.com<\/a><\/span><\/span><span class=\"updated rich-snippet-hidden\">2025-11-05T08:59:28+01:00<\/span><div  class=\"fusion-image-wrapper\" aria-haspopup=\"true\">\n\t\t\t\t<img decoding=\"async\" width=\"2560\" height=\"2560\" src=\"https:\/\/www.quintatorrinha.com\/wp-content\/uploads\/2022\/09\/Sky.jpg\" class=\"attachment-full size-full lazyload wp-post-image\" alt=\"\" srcset=\"data:image\/svg+xml,%3Csvg%20xmlns%3D%27http%3A%2F%2Fwww.w3.org%2F2000%2Fsvg%27%20width%3D%272560%27%20height%3D%272560%27%20viewBox%3D%270%200%202560%202560%27%3E%3Crect%20width%3D%272560%27%20height%3D%272560%27%20fill-opacity%3D%220%22%2F%3E%3C%2Fsvg%3E\" data-orig-src=\"https:\/\/www.quintatorrinha.com\/wp-content\/uploads\/2022\/09\/Sky.jpg\" data-srcset=\"https:\/\/www.quintatorrinha.com\/wp-content\/uploads\/2022\/09\/Sky-200x200.jpg 200w, https:\/\/www.quintatorrinha.com\/wp-content\/uploads\/2022\/09\/Sky-400x400.jpg 400w, https:\/\/www.quintatorrinha.com\/wp-content\/uploads\/2022\/09\/Sky-600x600.jpg 600w, https:\/\/www.quintatorrinha.com\/wp-content\/uploads\/2022\/09\/Sky-800x800.jpg 800w, https:\/\/www.quintatorrinha.com\/wp-content\/uploads\/2022\/09\/Sky-1200x1200.jpg 1200w, https:\/\/www.quintatorrinha.com\/wp-content\/uploads\/2022\/09\/Sky.jpg 2560w\" data-sizes=\"auto\" \/><div class=\"fusion-rollover\">\n\t<div class=\"fusion-rollover-content\">\n\n\t\t\t\t\n\t\t\n\t\t\t\t\t\t\t\t\n\t\t\t\t\t\t\t\t\n\t\t\n\t\t\t\t\t\t<a class=\"fusion-link-wrapper\" href=\"https:\/\/www.quintatorrinha.com\/pt\/portfolio-item\/double-room-sky\/?portfolioCats=28\" aria-label=\"Quarto Duplo C\u00e9u\"><\/a>\n\t<\/div>\n<\/div>\n<\/div>\n<div class=\"fusion-portfolio-content\" style=\"background-color:var(--awb-color3);\"><h2 class=\"entry-title fusion-post-title\"><a href=\"https:\/\/www.quintatorrinha.com\/pt\/portfolio-item\/double-room-sky\/?portfolioCats=28\">Quarto Duplo C\u00e9u<\/a><\/h2><div class=\"fusion-content-sep sep-none\" style=\"border-color:var(--awb-color3);\"><\/div><div class=\"fusion-post-content\"><p>Quarto duplo menor no segundo andar com vista para o mar.<\/p><div class=\"fusion-portfolio-buttons\"><a href=\"https:\/\/www.quintatorrinha.com\/pt\/portfolio-item\/double-room-sky\/?portfolioCats=28\" class=\"fusion-button fusion-button-default fusion-button-default-size fusion-button-flat\">Saber mais<\/a><\/div><\/div><\/div><\/div><\/article><\/div><\/div><\/div><\/div><div class=\"fusion-layout-column fusion_builder_column fusion-builder-column-5 fusion_builder_column_1_2 1_2 fusion-flex-column\" style=\"--awb-bg-color:var(--awb-color3);--awb-bg-color-hover:var(--awb-color3);--awb-bg-size:cover;--awb-width-large:50%;--awb-margin-top-large:20px;--awb-spacing-right-large:3.84%;--awb-margin-bottom-large:20px;--awb-spacing-left-large:3.84%;--awb-width-medium:100%;--awb-order-medium:0;--awb-spacing-right-medium:1.92%;--awb-spacing-left-medium:1.92%;--awb-width-small:100%;--awb-order-small:0;--awb-spacing-right-small:1.92%;--awb-spacing-left-small:1.92%;\"><div class=\"fusion-column-wrapper fusion-column-has-shadow fusion-flex-justify-content-flex-start fusion-content-layout-column\"><style type=\"text\/css\">.fusion-portfolio-wrapper#fusion-portfolio-5 .fusion-portfolio-content{ padding: 25px 40px 25px 40px; text-align: left; }<\/style><div class=\"fusion-recent-works fusion-portfolio-element fusion-portfolio fusion-portfolio-5 fusion-portfolio-grid fusion-portfolio-paging-none fusion-portfolio-one fusion-portfolio-boxed fusion-portfolio-text fusion-portfolio-equal-heights fusion-portfolio-rollover\" data-id=\"-rw-5\" data-columns=\"one\"><style type=\"text\/css\">.fusion-portfolio-5 .fusion-portfolio-wrapper .fusion-col-spacing{padding:25px;}<\/style><div class=\"fusion-portfolio-wrapper\" id=\"fusion-portfolio-5\" data-picturesize=\"auto\" data-pages=\"1\" style=\"margin:-25px;\"><article id=\"portfolio-5-post-1765\" class=\"fusion-portfolio-post villa-suiten-zimmer fusion-col-spacing post-1765\"><div class=\"fusion-portfolio-content-wrapper\" style=\"border:none;background-color:var(--awb-color3);\"><span class=\"vcard rich-snippet-hidden\"><span class=\"fn\"><a href=\"https:\/\/www.quintatorrinha.com\/pt\/author\/bbcytracon-com\/\" title=\"Artigos de bb@cytracon.com\" rel=\"author\">bb@cytracon.com<\/a><\/span><\/span><span class=\"updated rich-snippet-hidden\">2025-11-05T08:30:03+01:00<\/span><div  class=\"fusion-image-wrapper\" aria-haspopup=\"true\">\n\t\t\t\t<img decoding=\"async\" width=\"2560\" height=\"2552\" src=\"https:\/\/www.quintatorrinha.com\/wp-content\/uploads\/2022\/07\/dz1-scaled.jpg\" class=\"attachment-full size-full lazyload wp-post-image\" alt=\"\" srcset=\"data:image\/svg+xml,%3Csvg%20xmlns%3D%27http%3A%2F%2Fwww.w3.org%2F2000%2Fsvg%27%20width%3D%272560%27%20height%3D%272552%27%20viewBox%3D%270%200%202560%202552%27%3E%3Crect%20width%3D%272560%27%20height%3D%272552%27%20fill-opacity%3D%220%22%2F%3E%3C%2Fsvg%3E\" data-orig-src=\"https:\/\/www.quintatorrinha.com\/wp-content\/uploads\/2022\/07\/dz1-scaled.jpg\" data-srcset=\"https:\/\/www.quintatorrinha.com\/wp-content\/uploads\/2022\/07\/dz1-200x199.jpg 200w, https:\/\/www.quintatorrinha.com\/wp-content\/uploads\/2022\/07\/dz1-400x399.jpg 400w, https:\/\/www.quintatorrinha.com\/wp-content\/uploads\/2022\/07\/dz1-600x598.jpg 600w, https:\/\/www.quintatorrinha.com\/wp-content\/uploads\/2022\/07\/dz1-800x797.jpg 800w, https:\/\/www.quintatorrinha.com\/wp-content\/uploads\/2022\/07\/dz1-1200x1196.jpg 1200w, https:\/\/www.quintatorrinha.com\/wp-content\/uploads\/2022\/07\/dz1-scaled.jpg 2560w\" data-sizes=\"auto\" \/><div class=\"fusion-rollover\">\n\t<div class=\"fusion-rollover-content\">\n\n\t\t\t\t\n\t\t\n\t\t\t\t\t\t\t\t\n\t\t\t\t\t\t\t\t\n\t\t\n\t\t\t\t\t\t<a class=\"fusion-link-wrapper\" href=\"https:\/\/www.quintatorrinha.com\/pt\/portfolio-item\/double-room-fireplace\/?portfolioCats=28\" aria-label=\"Quarto Duplo Lareira\"><\/a>\n\t<\/div>\n<\/div>\n<\/div>\n<div class=\"fusion-portfolio-content\" style=\"background-color:var(--awb-color3);\"><h2 class=\"entry-title fusion-post-title\"><a href=\"https:\/\/www.quintatorrinha.com\/pt\/portfolio-item\/double-room-fireplace\/?portfolioCats=28\">Quarto Duplo Lareira<\/a><\/h2><div class=\"fusion-content-sep sep-none\" style=\"border-color:var(--awb-color3);\"><\/div><div class=\"fusion-post-content\"><p>Luminoso, claro, aconchegante - quarto pequeno e rom\u00e2ntico para duas pessoas com lareira.<\/p><div class=\"fusion-portfolio-buttons\"><a href=\"https:\/\/www.quintatorrinha.com\/pt\/portfolio-item\/double-room-fireplace\/?portfolioCats=28\" class=\"fusion-button fusion-button-default fusion-button-default-size fusion-button-flat\">Saber mais<\/a><\/div><\/div><\/div><\/div><\/article><\/div><\/div><\/div><\/div><div class=\"fusion-layout-column fusion_builder_column fusion-builder-column-6 fusion_builder_column_1_2 1_2 fusion-flex-column fusion-flex-align-self-flex-start\" style=\"--awb-overflow:hidden;--awb-bg-color:var(--awb-color8);--awb-bg-color-hover:var(--awb-color8);--awb-bg-size:cover;--awb-width-large:50%;--awb-margin-top-large:20px;--awb-spacing-right-large:3.84%;--awb-margin-bottom-large:20px;--awb-spacing-left-large:3.84%;--awb-width-medium:100%;--awb-order-medium:0;--awb-spacing-right-medium:1.92%;--awb-spacing-left-medium:1.92%;--awb-width-small:100%;--awb-order-small:0;--awb-spacing-right-small:1.92%;--awb-spacing-left-small:1.92%;\"><div class=\"fusion-column-wrapper fusion-column-has-shadow fusion-flex-justify-content-flex-start fusion-content-layout-column\"><div class=\"fusion-title title fusion-title-2 fusion-sep-none fusion-title-center fusion-title-text fusion-title-size-four\" style=\"--awb-text-color:var(--awb-color1);--awb-margin-top:200px;--awb-margin-bottom:200px;--awb-link-color:var(--awb-color1);--awb-link-hover-color:var(--awb-color3);\"><h4 class=\"fusion-title-heading title-heading-center fusion-responsive-typography-calculated\" style=\"margin:0;--fontSize:26;line-height:1.5;\"><a href=\"https:\/\/www.quintatorrinha.com\/pt\/apartments\/\" class=\"awb-custom-text-color awb-custom-text-hover-color\" target=\"_self\"><p>Um pouco mais de privacidade?<br \/>\naqui \u00e9 nosso<br \/>\nluxuoso totalmente equipado<br \/>\nQuinta Torrinha Apartamentos de Luxo.<\/p><\/a><\/h4><\/div><\/div><\/div><\/div><\/div><\/div><\/p>","protected":false},"excerpt":{"rendered":"","protected":false},"author":1,"featured_media":0,"parent":0,"menu_order":0,"comment_status":"closed","ping_status":"closed","template":"100-width.php","meta":{"footnotes":""},"class_list":["post-1530","page","type-page","status-publish","hentry"],"_links":{"self":[{"href":"https:\/\/www.quintatorrinha.com\/pt\/wp-json\/wp\/v2\/pages\/1530","targetHints":{"allow":["GET"]}}],"collection":[{"href":"https:\/\/www.quintatorrinha.com\/pt\/wp-json\/wp\/v2\/pages"}],"about":[{"href":"https:\/\/www.quintatorrinha.com\/pt\/wp-json\/wp\/v2\/types\/page"}],"author":[{"embeddable":true,"href":"https:\/\/www.quintatorrinha.com\/pt\/wp-json\/wp\/v2\/users\/1"}],"replies":[{"embeddable":true,"href":"https:\/\/www.quintatorrinha.com\/pt\/wp-json\/wp\/v2\/comments?post=1530"}],"version-history":[{"count":0,"href":"https:\/\/www.quintatorrinha.com\/pt\/wp-json\/wp\/v2\/pages\/1530\/revisions"}],"wp:attachment":[{"href":"https:\/\/www.quintatorrinha.com\/pt\/wp-json\/wp\/v2\/media?parent=1530"}],"curies":[{"name":"wp","href":"https:\/\/api.w.org\/{rel}","templated":true}]}}